{"id":27238,"date":"2021-12-22T09:33:22","date_gmt":"2021-12-22T08:33:22","guid":{"rendered":"https:\/\/hugohaeffner.com\/?page_id=27238"},"modified":"2022-04-22T08:29:33","modified_gmt":"2022-04-22T06:29:33","slug":"vielen-dank-fuer-ihre-nachricht","status":"publish","type":"page","link":"https:\/\/hugohaeffner.com\/en\/vielen-dank-fuer-ihre-nachricht\/","title":{"rendered":"Vielen Dank f\u00fcr Ihre Nachricht!"},"content":{"rendered":"\t\t<div data-elementor-type=\"wp-page\" data-elementor-id=\"27238\" class=\"elementor elementor-27238\" data-elementor-post-type=\"page\">\n\t\t\t\t\t\t<section class=\"elementor-section elementor-top-section elementor-element elementor-element-a31fc2c elementor-section-boxed elementor-section-height-default elementor-section-height-default\" data-id=\"a31fc2c\" data-element_type=\"section\" data-e-type=\"section\" data-settings=\"{&quot;jet_parallax_layout_list&quot;:[{&quot;jet_parallax_layout_image&quot;:{&quot;url&quot;:&quot;&quot;,&quot;id&quot;:&quot;&quot;,&quot;size&quot;:&quot;&quot;},&quot;_id&quot;:&quot;2d89ea1&quot;,&quot;jet_parallax_layout_image_tablet&quot;:{&quot;url&quot;:&quot;&quot;,&quot;id&quot;:&quot;&quot;,&quot;size&quot;:&quot;&quot;},&quot;jet_parallax_layout_image_mobile&quot;:{&quot;url&quot;:&quot;&quot;,&quot;id&quot;:&quot;&quot;,&quot;size&quot;:&quot;&quot;},&quot;jet_parallax_layout_speed&quot;:{&quot;unit&quot;:&quot;%&quot;,&quot;size&quot;:50,&quot;sizes&quot;:[]},&quot;jet_parallax_layout_type&quot;:&quot;scroll&quot;,&quot;jet_parallax_layout_direction&quot;:&quot;1&quot;,&quot;jet_parallax_layout_fx_direction&quot;:null,&quot;jet_parallax_layout_z_index&quot;:&quot;&quot;,&quot;jet_parallax_layout_bg_x&quot;:50,&quot;jet_parallax_layout_bg_x_tablet&quot;:&quot;&quot;,&quot;jet_parallax_layout_bg_x_mobile&quot;:&quot;&quot;,&quot;jet_parallax_layout_bg_y&quot;:50,&quot;jet_parallax_layout_bg_y_tablet&quot;:&quot;&quot;,&quot;jet_parallax_layout_bg_y_mobile&quot;:&quot;&quot;,&quot;jet_parallax_layout_bg_size&quot;:&quot;auto&quot;,&quot;jet_parallax_layout_bg_size_tablet&quot;:&quot;&quot;,&quot;jet_parallax_layout_bg_size_mobile&quot;:&quot;&quot;,&quot;jet_parallax_layout_animation_prop&quot;:&quot;transform&quot;,&quot;jet_parallax_layout_on&quot;:[&quot;desktop&quot;,&quot;tablet&quot;]}]}\">\n\t\t\t\t\t\t<div class=\"elementor-container elementor-column-gap-default\">\n\t\t\t\t\t<div class=\"elementor-column elementor-col-100 elementor-top-column elementor-element elementor-element-cf6b478\" data-id=\"cf6b478\" data-element_type=\"column\" data-e-type=\"column\">\n\t\t\t<div class=\"elementor-widget-wrap elementor-element-populated\">\n\t\t\t\t\t\t<div class=\"elementor-element elementor-element-a291128 elementor-widget elementor-widget-text-editor\" data-id=\"a291128\" data-element_type=\"widget\" data-e-type=\"widget\" data-widget_type=\"text-editor.default\">\n\t\t\t\t<div class=\"elementor-widget-container\">\n\t\t\t\t\t\t\t\t\t<p>Vielen Dank f\u00fcr Ihre Kontaktaufnahme!<\/p>\n<p>Wir werden uns schnellstm\u00f6glich um Ihr Anliegen k\u00fcmmern und uns bei Ihnen melden.<\/p>\n<p><a href=\"https:\/\/hugohaeffner.com\/datenschutzerklaerung\/\">Hier<\/a>&nbsp;sind alle Informationen zum Datenschutz nachzulesen.<\/p>\n<p>Ihr&nbsp;H\u00e4ffner-Team<\/p>\t\t\t\t\t\t\t\t<\/div>\n\t\t\t\t<\/div>\n\t\t\t\t\t<\/div>\n\t\t<\/div>\n\t\t\t\t\t<\/div>\n\t\t<\/section>\n\t\t\t\t<\/div>\n\t\t","protected":false},"excerpt":{"rendered":"<p>Vielen Dank f\u00fcr Ihre Kontaktaufnahme! Wir werden uns schnellstm\u00f6glich um Ihr Anliegen k\u00fcmmern und uns bei Ihnen melden. Hier&nbsp;sind alle Informationen zum Datenschutz nachzulesen. Ihr&nbsp;H\u00e4ffner-Team<\/p>\n","protected":false},"author":10,"featured_media":0,"parent":0,"menu_order":0,"comment_status":"closed","ping_status":"closed","template":"","meta":{"_acf_changed":false,"footnotes":""},"class_list":["post-27238","page","type-page","status-publish","hentry"],"acf":[],"yoast_head":"<!-- This site is optimized with the Yoast SEO Premium plugin v26.4 (Yoast SEO v27.5) - https:\/\/yoast.com\/product\/yoast-seo-premium-wordpress\/ -->\n<title>Vielen Dank f\u00fcr Ihre Nachricht! - Hugo H\u00e4ffner<\/title>\n<meta name=\"robots\" content=\"index, follow, max-snippet:-1, max-image-preview:large, max-video-preview:-1\" \/>\n<link rel=\"canonical\" href=\"https:\/\/hugohaeffner.com\/en\/vielen-dank-fuer-ihre-nachricht\/\" \/>\n<meta property=\"og:locale\" content=\"en_US\" \/>\n<meta property=\"og:type\" content=\"article\" \/>\n<meta property=\"og:title\" content=\"Vielen Dank f\u00fcr Ihre Nachricht!\" \/>\n<meta property=\"og:description\" content=\"Vielen Dank f\u00fcr Ihre Kontaktaufnahme! Wir werden uns schnellstm\u00f6glich um Ihr Anliegen k\u00fcmmern und uns bei Ihnen melden. Hier&nbsp;sind alle Informationen zum Datenschutz nachzulesen. Ihr&nbsp;H\u00e4ffner-Team\" \/>\n<meta property=\"og:url\" content=\"https:\/\/hugohaeffner.com\/en\/vielen-dank-fuer-ihre-nachricht\/\" \/>\n<meta property=\"og:site_name\" content=\"Hugo H\u00e4ffner\" \/>\n<meta property=\"article:modified_time\" content=\"2022-04-22T06:29:33+00:00\" \/>\n<meta name=\"twitter:card\" content=\"summary_large_image\" \/>\n<meta name=\"twitter:label1\" content=\"Est. reading time\" \/>\n\t<meta name=\"twitter:data1\" content=\"1 minute\" \/>\n<script type=\"application\/ld+json\" class=\"yoast-schema-graph\">{\"@context\":\"https:\\\/\\\/schema.org\",\"@graph\":[{\"@type\":\"WebPage\",\"@id\":\"https:\\\/\\\/hugohaeffner.com\\\/en\\\/vielen-dank-fuer-ihre-nachricht\\\/\",\"url\":\"https:\\\/\\\/hugohaeffner.com\\\/en\\\/vielen-dank-fuer-ihre-nachricht\\\/\",\"name\":\"Vielen Dank f\u00fcr Ihre Nachricht! - Hugo H\u00e4ffner\",\"isPartOf\":{\"@id\":\"https:\\\/\\\/hugohaeffner.com\\\/en\\\/#website\"},\"datePublished\":\"2021-12-22T08:33:22+00:00\",\"dateModified\":\"2022-04-22T06:29:33+00:00\",\"breadcrumb\":{\"@id\":\"https:\\\/\\\/hugohaeffner.com\\\/en\\\/vielen-dank-fuer-ihre-nachricht\\\/#breadcrumb\"},\"inLanguage\":\"en-US\",\"potentialAction\":[{\"@type\":\"ReadAction\",\"target\":[\"https:\\\/\\\/hugohaeffner.com\\\/en\\\/vielen-dank-fuer-ihre-nachricht\\\/\"]}]},{\"@type\":\"BreadcrumbList\",\"@id\":\"https:\\\/\\\/hugohaeffner.com\\\/en\\\/vielen-dank-fuer-ihre-nachricht\\\/#breadcrumb\",\"itemListElement\":[{\"@type\":\"ListItem\",\"position\":1,\"name\":\"Startseite\",\"item\":\"https:\\\/\\\/hugohaeffner.com\\\/en\\\/\"},{\"@type\":\"ListItem\",\"position\":2,\"name\":\"Vielen Dank f\u00fcr Ihre Nachricht!\"}]},{\"@type\":\"WebSite\",\"@id\":\"https:\\\/\\\/hugohaeffner.com\\\/en\\\/#website\",\"url\":\"https:\\\/\\\/hugohaeffner.com\\\/en\\\/\",\"name\":\"Hugo H\u00e4ffner\",\"description\":\"Hier stimmt die Verbindung!\",\"publisher\":{\"@id\":\"https:\\\/\\\/hugohaeffner.com\\\/en\\\/#organization\"},\"potentialAction\":[{\"@type\":\"SearchAction\",\"target\":{\"@type\":\"EntryPoint\",\"urlTemplate\":\"https:\\\/\\\/hugohaeffner.com\\\/en\\\/?s={search_term_string}\"},\"query-input\":{\"@type\":\"PropertyValueSpecification\",\"valueRequired\":true,\"valueName\":\"search_term_string\"}}],\"inLanguage\":\"en-US\"},{\"@type\":\"Organization\",\"@id\":\"https:\\\/\\\/hugohaeffner.com\\\/en\\\/#organization\",\"name\":\"H\u00e4ffner GmbH & Co. KG\",\"url\":\"https:\\\/\\\/hugohaeffner.com\\\/en\\\/\",\"logo\":{\"@type\":\"ImageObject\",\"inLanguage\":\"en-US\",\"@id\":\"https:\\\/\\\/hugohaeffner.com\\\/en\\\/#\\\/schema\\\/logo\\\/image\\\/\",\"url\":\"https:\\\/\\\/hugohaeffner.com\\\/wp-content\\\/uploads\\\/2019\\\/07\\\/header_logo.png\",\"contentUrl\":\"https:\\\/\\\/hugohaeffner.com\\\/wp-content\\\/uploads\\\/2019\\\/07\\\/header_logo.png\",\"width\":538,\"height\":229,\"caption\":\"H\u00e4ffner GmbH & Co. KG\"},\"image\":{\"@id\":\"https:\\\/\\\/hugohaeffner.com\\\/en\\\/#\\\/schema\\\/logo\\\/image\\\/\"}}]}<\/script>\n<!-- \/ Yoast SEO Premium plugin. -->","yoast_head_json":{"title":"Vielen Dank f\u00fcr Ihre Nachricht! - Hugo H\u00e4ffner","robots":{"index":"index","follow":"follow","max-snippet":"max-snippet:-1","max-image-preview":"max-image-preview:large","max-video-preview":"max-video-preview:-1"},"canonical":"https:\/\/hugohaeffner.com\/en\/vielen-dank-fuer-ihre-nachricht\/","og_locale":"en_US","og_type":"article","og_title":"Vielen Dank f\u00fcr Ihre Nachricht!","og_description":"Vielen Dank f\u00fcr Ihre Kontaktaufnahme! Wir werden uns schnellstm\u00f6glich um Ihr Anliegen k\u00fcmmern und uns bei Ihnen melden. Hier&nbsp;sind alle Informationen zum Datenschutz nachzulesen. Ihr&nbsp;H\u00e4ffner-Team","og_url":"https:\/\/hugohaeffner.com\/en\/vielen-dank-fuer-ihre-nachricht\/","og_site_name":"Hugo H\u00e4ffner","article_modified_time":"2022-04-22T06:29:33+00:00","twitter_card":"summary_large_image","twitter_misc":{"Est. reading time":"1 minute"},"schema":{"@context":"https:\/\/schema.org","@graph":[{"@type":"WebPage","@id":"https:\/\/hugohaeffner.com\/en\/vielen-dank-fuer-ihre-nachricht\/","url":"https:\/\/hugohaeffner.com\/en\/vielen-dank-fuer-ihre-nachricht\/","name":"Vielen Dank f\u00fcr Ihre Nachricht! - Hugo H\u00e4ffner","isPartOf":{"@id":"https:\/\/hugohaeffner.com\/en\/#website"},"datePublished":"2021-12-22T08:33:22+00:00","dateModified":"2022-04-22T06:29:33+00:00","breadcrumb":{"@id":"https:\/\/hugohaeffner.com\/en\/vielen-dank-fuer-ihre-nachricht\/#breadcrumb"},"inLanguage":"en-US","potentialAction":[{"@type":"ReadAction","target":["https:\/\/hugohaeffner.com\/en\/vielen-dank-fuer-ihre-nachricht\/"]}]},{"@type":"BreadcrumbList","@id":"https:\/\/hugohaeffner.com\/en\/vielen-dank-fuer-ihre-nachricht\/#breadcrumb","itemListElement":[{"@type":"ListItem","position":1,"name":"Startseite","item":"https:\/\/hugohaeffner.com\/en\/"},{"@type":"ListItem","position":2,"name":"Vielen Dank f\u00fcr Ihre Nachricht!"}]},{"@type":"WebSite","@id":"https:\/\/hugohaeffner.com\/en\/#website","url":"https:\/\/hugohaeffner.com\/en\/","name":"Hugo H\u00e4ffner","description":"Hier stimmt die Verbindung!","publisher":{"@id":"https:\/\/hugohaeffner.com\/en\/#organization"},"potentialAction":[{"@type":"SearchAction","target":{"@type":"EntryPoint","urlTemplate":"https:\/\/hugohaeffner.com\/en\/?s={search_term_string}"},"query-input":{"@type":"PropertyValueSpecification","valueRequired":true,"valueName":"search_term_string"}}],"inLanguage":"en-US"},{"@type":"Organization","@id":"https:\/\/hugohaeffner.com\/en\/#organization","name":"H\u00e4ffner GmbH & Co. KG","url":"https:\/\/hugohaeffner.com\/en\/","logo":{"@type":"ImageObject","inLanguage":"en-US","@id":"https:\/\/hugohaeffner.com\/en\/#\/schema\/logo\/image\/","url":"https:\/\/hugohaeffner.com\/wp-content\/uploads\/2019\/07\/header_logo.png","contentUrl":"https:\/\/hugohaeffner.com\/wp-content\/uploads\/2019\/07\/header_logo.png","width":538,"height":229,"caption":"H\u00e4ffner GmbH & Co. KG"},"image":{"@id":"https:\/\/hugohaeffner.com\/en\/#\/schema\/logo\/image\/"}}]}},"_links":{"self":[{"href":"https:\/\/hugohaeffner.com\/en\/wp-json\/wp\/v2\/pages\/27238","targetHints":{"allow":["GET"]}}],"collection":[{"href":"https:\/\/hugohaeffner.com\/en\/wp-json\/wp\/v2\/pages"}],"about":[{"href":"https:\/\/hugohaeffner.com\/en\/wp-json\/wp\/v2\/types\/page"}],"author":[{"embeddable":true,"href":"https:\/\/hugohaeffner.com\/en\/wp-json\/wp\/v2\/users\/10"}],"replies":[{"embeddable":true,"href":"https:\/\/hugohaeffner.com\/en\/wp-json\/wp\/v2\/comments?post=27238"}],"version-history":[{"count":0,"href":"https:\/\/hugohaeffner.com\/en\/wp-json\/wp\/v2\/pages\/27238\/revisions"}],"wp:attachment":[{"href":"https:\/\/hugohaeffner.com\/en\/wp-json\/wp\/v2\/media?parent=27238"}],"curies":[{"name":"wp","href":"https:\/\/api.w.org\/{rel}","templated":true}]}}