{"id":25981,"date":"2021-03-10T12:19:06","date_gmt":"2021-03-10T11:19:06","guid":{"rendered":"https:\/\/hugohaeffner.com\/?page_id=25981"},"modified":"2021-10-11T14:08:05","modified_gmt":"2021-10-11T12:08:05","slug":"whitepaper-poc-antigen-schnelltests-selbst-im-unternehmen-durchfuehren","status":"publish","type":"page","link":"https:\/\/hugohaeffner.com\/en\/whitepaper-poc-antigen-schnelltests-selbst-im-unternehmen-durchfuehren\/","title":{"rendered":"Whitepaper: PoC-Antigen-Schnelltests selbst im Unternehmen durchf\u00fchren"},"content":{"rendered":"\t\t<div data-elementor-type=\"wp-page\" data-elementor-id=\"25981\" class=\"elementor elementor-25981\" data-elementor-post-type=\"page\">\n\t\t\t\t\t\t<section class=\"elementor-section elementor-top-section elementor-element elementor-element-1654b99 elementor-section-boxed elementor-section-height-default elementor-section-height-default\" data-id=\"1654b99\" data-element_type=\"section\" data-e-type=\"section\" data-settings=\"{&quot;jet_parallax_layout_list&quot;:[{&quot;jet_parallax_layout_image&quot;:{&quot;url&quot;:&quot;&quot;,&quot;id&quot;:&quot;&quot;,&quot;size&quot;:&quot;&quot;},&quot;_id&quot;:&quot;14dde4d&quot;,&quot;jet_parallax_layout_image_tablet&quot;:{&quot;url&quot;:&quot;&quot;,&quot;id&quot;:&quot;&quot;,&quot;size&quot;:&quot;&quot;},&quot;jet_parallax_layout_image_mobile&quot;:{&quot;url&quot;:&quot;&quot;,&quot;id&quot;:&quot;&quot;,&quot;size&quot;:&quot;&quot;},&quot;jet_parallax_layout_speed&quot;:{&quot;unit&quot;:&quot;%&quot;,&quot;size&quot;:50,&quot;sizes&quot;:[]},&quot;jet_parallax_layout_type&quot;:&quot;scroll&quot;,&quot;jet_parallax_layout_direction&quot;:&quot;1&quot;,&quot;jet_parallax_layout_fx_direction&quot;:null,&quot;jet_parallax_layout_z_index&quot;:&quot;&quot;,&quot;jet_parallax_layout_bg_x&quot;:50,&quot;jet_parallax_layout_bg_x_tablet&quot;:&quot;&quot;,&quot;jet_parallax_layout_bg_x_mobile&quot;:&quot;&quot;,&quot;jet_parallax_layout_bg_y&quot;:50,&quot;jet_parallax_layout_bg_y_tablet&quot;:&quot;&quot;,&quot;jet_parallax_layout_bg_y_mobile&quot;:&quot;&quot;,&quot;jet_parallax_layout_bg_size&quot;:&quot;auto&quot;,&quot;jet_parallax_layout_bg_size_tablet&quot;:&quot;&quot;,&quot;jet_parallax_layout_bg_size_mobile&quot;:&quot;&quot;,&quot;jet_parallax_layout_animation_prop&quot;:&quot;transform&quot;,&quot;jet_parallax_layout_on&quot;:[&quot;desktop&quot;,&quot;tablet&quot;]}]}\">\n\t\t\t\t\t\t<div class=\"elementor-container elementor-column-gap-default\">\n\t\t\t\t\t<div class=\"elementor-column elementor-col-100 elementor-top-column elementor-element elementor-element-e700735\" data-id=\"e700735\" data-element_type=\"column\" data-e-type=\"column\">\n\t\t\t<div class=\"elementor-widget-wrap elementor-element-populated\">\n\t\t\t\t\t\t<div class=\"elementor-element elementor-element-ed7050d elementor-widget elementor-widget-text-editor\" data-id=\"ed7050d\" data-element_type=\"widget\" data-e-type=\"widget\" data-widget_type=\"text-editor.default\">\n\t\t\t\t<div class=\"elementor-widget-container\">\n\t\t\t\t\t\t\t\t\t<p>COVID-19 Antigen-Schnelltests (PoC- sowie Laien-Tests) sind ein wichtiger Eckpfeiler in der bundesweiten Strategie zur Eind\u00e4mmung der COVID-19 Pandemie. Dies zeigt sich nicht zuletzt auch in der k\u00fcrzlich verabschiedeten, w\u00f6chentlichen Testpflicht f\u00fcr Unternehmen. Da nun auch Laien-Schnelltests zugelassen wurden haben wir uns entschieden, eine <b>\u00fcberarbeitete Version 2.0<\/b> unseres kostenlosen Whitepapers f\u00fcr Sie bereitzustellen.<\/p><p>Wir bei H\u00e4ffner setzen schon seit November 2020 Antigen-Schnelltests im Unternehmen ein und haben zusammen mit unserem medizinischen Partner ein entsprechendes Konzept entwickelt. Dieses m\u00f6chten wir <strong>kostenlos<\/strong> mit Ihnen teilen!<\/p><p>Finden Sie heraus, wie Sie auf einfache Art und Weise selbst in Ihrem Unternehmen COVID-19 Antigen-Schnelltests durchf\u00fchren und organisieren k\u00f6nnen. Wir haben die wichtigsten organisatorischen Schritte bereits in unserem kostenlosen Whitepaper f\u00fcr Sie aufbereitet und zusammengefasst. Nutzen Sie unsere Erfahrungen als &#8220;Best-Practice&#8221;-Ansatz und entwickeln Sie ausgehend davon ganz einfach Ihr eigenes Test-Konzept.<\/p>\t\t\t\t\t\t\t\t<\/div>\n\t\t\t\t<\/div>\n\t\t\t\t<div class=\"elementor-element elementor-element-ea1414f elementor-widget elementor-widget-image\" data-id=\"ea1414f\" data-element_type=\"widget\" data-e-type=\"widget\" data-widget_type=\"image.default\">\n\t\t\t\t<div class=\"elementor-widget-container\">\n\t\t\t\t\t\t\t\t\t\t\t\t\t\t\t<img fetchpriority=\"high\" decoding=\"async\" width=\"551\" height=\"784\" src=\"https:\/\/hugohaeffner.com\/wp-content\/uploads\/2021\/03\/Vorschau_Whitepaper.png\" class=\"attachment-large size-large wp-image-25987\" alt=\"\" srcset=\"https:\/\/hugohaeffner.com\/wp-content\/uploads\/2021\/03\/Vorschau_Whitepaper.png 551w, https:\/\/hugohaeffner.com\/wp-content\/uploads\/2021\/03\/Vorschau_Whitepaper-211x300.png 211w\" sizes=\"(max-width: 551px) 100vw, 551px\" \/>\t\t\t\t\t\t\t\t\t\t\t\t\t\t\t<\/div>\n\t\t\t\t<\/div>\n\t\t\t\t<div class=\"elementor-element elementor-element-41f11dc elementor-align-center elementor-widget elementor-widget-jet-download-button\" data-id=\"41f11dc\" data-element_type=\"widget\" data-e-type=\"widget\" data-widget_type=\"jet-download-button.default\">\n\t\t\t\t<div class=\"elementor-widget-container\">\n\t\t\t\t\t<div class=\"elementor-jet-download-button jet-elements\"><a class=\"elementor-button elementor-size-md jet-download jet-download-icon-position-left\" data-e-disable-page-transition=\"true\" href=\"https:\/\/hugohaeffner.com\/en\/?jet_download=d82a96bb91e2bb6c49d9d9962427d872151f7cdf\"  rel=\"nofollow\"><span class=\"jet-download__icon jet-download-icon-left jet-elements-icon\"><i aria-hidden=\"true\" class=\"far fa-arrow-alt-circle-down\"><\/i><\/span><span class=\"jet-download__text\"><span class=\"jet-download__label\">Kostenlos herunterladen<\/span><span class=\"jet-download__file-name\"><\/span><small class=\"jet-download__sub-label\">494 KB<\/small><\/span><\/a>\n<\/div>\t\t\t\t<\/div>\n\t\t\t\t<\/div>\n\t\t\t\t<div class=\"elementor-element elementor-element-c364a03 elementor-widget elementor-widget-text-editor\" data-id=\"c364a03\" data-element_type=\"widget\" data-e-type=\"widget\" data-widget_type=\"text-editor.default\">\n\t\t\t\t<div class=\"elementor-widget-container\">\n\t\t\t\t\t\t\t\t\t<h3>M\u00f6chten auch Sie noch heute mit der Erstellung Ihres Testkonzepts starten?\u00a0 <a href=\"https:\/\/hugohaeffner.com\/covid-19-antigen-laien-selbsttest\/\">Sprechen Sie uns jetzt an!<\/a><\/h3>\t\t\t\t\t\t\t\t<\/div>\n\t\t\t\t<\/div>\n\t\t\t\t\t<\/div>\n\t\t<\/div>\n\t\t\t\t\t<\/div>\n\t\t<\/section>\n\t\t\t\t<\/div>\n\t\t","protected":false},"excerpt":{"rendered":"<p>COVID-19 Antigen-Schnelltests (PoC- sowie Laien-Tests) sind ein wichtiger Eckpfeiler in der bundesweiten Strategie zur Eind\u00e4mmung der COVID-19 Pandemie. Dies zeigt sich nicht zuletzt auch in der k\u00fcrzlich verabschiedeten, w\u00f6chentlichen Testpflicht f\u00fcr Unternehmen. Da nun auch Laien-Schnelltests zugelassen wurden haben wir uns entschieden, eine \u00fcberarbeitete Version 2.0 unseres kostenlosen Whitepapers f\u00fcr Sie bereitzustellen. Wir bei H\u00e4ffner [&hellip;]<\/p>\n","protected":false},"author":6,"featured_media":0,"parent":0,"menu_order":0,"comment_status":"closed","ping_status":"closed","template":"","meta":{"_acf_changed":false,"footnotes":""},"class_list":["post-25981","page","type-page","status-publish","hentry"],"acf":[],"yoast_head":"<!-- This site is optimized with the Yoast SEO Premium plugin v26.4 (Yoast SEO v27.4) - https:\/\/yoast.com\/product\/yoast-seo-premium-wordpress\/ -->\n<title>Whitepaper: PoC-Antigen-Schnelltests selbst im Unternehmen durchf\u00fchren<\/title>\n<meta name=\"description\" content=\"So einfach k\u00f6nnen Sie COVID-19 Antigen-Schnelltests selbst im Unternehmen durchf\u00fchren! Jetzt kostenloses Whitepaper herunterladen!\" \/>\n<meta name=\"robots\" content=\"index, follow, max-snippet:-1, max-image-preview:large, max-video-preview:-1\" \/>\n<link rel=\"canonical\" href=\"https:\/\/hugohaeffner.com\/en\/whitepaper-poc-antigen-schnelltests-selbst-im-unternehmen-durchfuehren\/\" \/>\n<meta property=\"og:locale\" content=\"en_US\" \/>\n<meta property=\"og:type\" content=\"article\" \/>\n<meta property=\"og:title\" content=\"Whitepaper: PoC-Antigen-Schnelltests selbst im Unternehmen durchf\u00fchren\" \/>\n<meta property=\"og:description\" content=\"So einfach k\u00f6nnen Sie COVID-19 Antigen-Schnelltests selbst im Unternehmen durchf\u00fchren! Jetzt kostenloses Whitepaper herunterladen!\" \/>\n<meta property=\"og:url\" content=\"https:\/\/hugohaeffner.com\/en\/whitepaper-poc-antigen-schnelltests-selbst-im-unternehmen-durchfuehren\/\" \/>\n<meta property=\"og:site_name\" content=\"Hugo H\u00e4ffner\" \/>\n<meta property=\"article:modified_time\" content=\"2021-10-11T12:08:05+00:00\" \/>\n<meta property=\"og:image\" content=\"https:\/\/hugohaeffner.com\/wp-content\/uploads\/2021\/03\/Vorschau_Whitepaper.png\" \/>\n<meta name=\"twitter:card\" content=\"summary_large_image\" \/>\n<meta name=\"twitter:label1\" content=\"Est. reading time\" \/>\n\t<meta name=\"twitter:data1\" content=\"1 minute\" \/>\n<script type=\"application\/ld+json\" class=\"yoast-schema-graph\">{\"@context\":\"https:\\\/\\\/schema.org\",\"@graph\":[{\"@type\":\"WebPage\",\"@id\":\"https:\\\/\\\/hugohaeffner.com\\\/en\\\/whitepaper-poc-antigen-schnelltests-selbst-im-unternehmen-durchfuehren\\\/\",\"url\":\"https:\\\/\\\/hugohaeffner.com\\\/en\\\/whitepaper-poc-antigen-schnelltests-selbst-im-unternehmen-durchfuehren\\\/\",\"name\":\"Whitepaper: PoC-Antigen-Schnelltests selbst im Unternehmen durchf\u00fchren\",\"isPartOf\":{\"@id\":\"https:\\\/\\\/hugohaeffner.com\\\/en\\\/#website\"},\"primaryImageOfPage\":{\"@id\":\"https:\\\/\\\/hugohaeffner.com\\\/en\\\/whitepaper-poc-antigen-schnelltests-selbst-im-unternehmen-durchfuehren\\\/#primaryimage\"},\"image\":{\"@id\":\"https:\\\/\\\/hugohaeffner.com\\\/en\\\/whitepaper-poc-antigen-schnelltests-selbst-im-unternehmen-durchfuehren\\\/#primaryimage\"},\"thumbnailUrl\":\"https:\\\/\\\/hugohaeffner.com\\\/wp-content\\\/uploads\\\/2021\\\/03\\\/Vorschau_Whitepaper.png\",\"datePublished\":\"2021-03-10T11:19:06+00:00\",\"dateModified\":\"2021-10-11T12:08:05+00:00\",\"description\":\"So einfach k\u00f6nnen Sie COVID-19 Antigen-Schnelltests selbst im Unternehmen durchf\u00fchren! Jetzt kostenloses Whitepaper herunterladen!\",\"breadcrumb\":{\"@id\":\"https:\\\/\\\/hugohaeffner.com\\\/en\\\/whitepaper-poc-antigen-schnelltests-selbst-im-unternehmen-durchfuehren\\\/#breadcrumb\"},\"inLanguage\":\"en-US\",\"potentialAction\":[{\"@type\":\"ReadAction\",\"target\":[\"https:\\\/\\\/hugohaeffner.com\\\/en\\\/whitepaper-poc-antigen-schnelltests-selbst-im-unternehmen-durchfuehren\\\/\"]}]},{\"@type\":\"ImageObject\",\"inLanguage\":\"en-US\",\"@id\":\"https:\\\/\\\/hugohaeffner.com\\\/en\\\/whitepaper-poc-antigen-schnelltests-selbst-im-unternehmen-durchfuehren\\\/#primaryimage\",\"url\":\"https:\\\/\\\/hugohaeffner.com\\\/wp-content\\\/uploads\\\/2021\\\/03\\\/Vorschau_Whitepaper.png\",\"contentUrl\":\"https:\\\/\\\/hugohaeffner.com\\\/wp-content\\\/uploads\\\/2021\\\/03\\\/Vorschau_Whitepaper.png\"},{\"@type\":\"BreadcrumbList\",\"@id\":\"https:\\\/\\\/hugohaeffner.com\\\/en\\\/whitepaper-poc-antigen-schnelltests-selbst-im-unternehmen-durchfuehren\\\/#breadcrumb\",\"itemListElement\":[{\"@type\":\"ListItem\",\"position\":1,\"name\":\"Startseite\",\"item\":\"https:\\\/\\\/hugohaeffner.com\\\/en\\\/\"},{\"@type\":\"ListItem\",\"position\":2,\"name\":\"Whitepaper: PoC-Antigen-Schnelltests selbst im Unternehmen durchf\u00fchren\"}]},{\"@type\":\"WebSite\",\"@id\":\"https:\\\/\\\/hugohaeffner.com\\\/en\\\/#website\",\"url\":\"https:\\\/\\\/hugohaeffner.com\\\/en\\\/\",\"name\":\"Hugo H\u00e4ffner\",\"description\":\"Hier stimmt die Verbindung!\",\"publisher\":{\"@id\":\"https:\\\/\\\/hugohaeffner.com\\\/en\\\/#organization\"},\"potentialAction\":[{\"@type\":\"SearchAction\",\"target\":{\"@type\":\"EntryPoint\",\"urlTemplate\":\"https:\\\/\\\/hugohaeffner.com\\\/en\\\/?s={search_term_string}\"},\"query-input\":{\"@type\":\"PropertyValueSpecification\",\"valueRequired\":true,\"valueName\":\"search_term_string\"}}],\"inLanguage\":\"en-US\"},{\"@type\":\"Organization\",\"@id\":\"https:\\\/\\\/hugohaeffner.com\\\/en\\\/#organization\",\"name\":\"H\u00e4ffner GmbH & Co. KG\",\"url\":\"https:\\\/\\\/hugohaeffner.com\\\/en\\\/\",\"logo\":{\"@type\":\"ImageObject\",\"inLanguage\":\"en-US\",\"@id\":\"https:\\\/\\\/hugohaeffner.com\\\/en\\\/#\\\/schema\\\/logo\\\/image\\\/\",\"url\":\"https:\\\/\\\/hugohaeffner.com\\\/wp-content\\\/uploads\\\/2019\\\/07\\\/header_logo.png\",\"contentUrl\":\"https:\\\/\\\/hugohaeffner.com\\\/wp-content\\\/uploads\\\/2019\\\/07\\\/header_logo.png\",\"width\":538,\"height\":229,\"caption\":\"H\u00e4ffner GmbH & Co. KG\"},\"image\":{\"@id\":\"https:\\\/\\\/hugohaeffner.com\\\/en\\\/#\\\/schema\\\/logo\\\/image\\\/\"}}]}<\/script>\n<!-- \/ Yoast SEO Premium plugin. -->","yoast_head_json":{"title":"Whitepaper: PoC-Antigen-Schnelltests selbst im Unternehmen durchf\u00fchren","description":"So einfach k\u00f6nnen Sie COVID-19 Antigen-Schnelltests selbst im Unternehmen durchf\u00fchren! Jetzt kostenloses Whitepaper herunterladen!","robots":{"index":"index","follow":"follow","max-snippet":"max-snippet:-1","max-image-preview":"max-image-preview:large","max-video-preview":"max-video-preview:-1"},"canonical":"https:\/\/hugohaeffner.com\/en\/whitepaper-poc-antigen-schnelltests-selbst-im-unternehmen-durchfuehren\/","og_locale":"en_US","og_type":"article","og_title":"Whitepaper: PoC-Antigen-Schnelltests selbst im Unternehmen durchf\u00fchren","og_description":"So einfach k\u00f6nnen Sie COVID-19 Antigen-Schnelltests selbst im Unternehmen durchf\u00fchren! Jetzt kostenloses Whitepaper herunterladen!","og_url":"https:\/\/hugohaeffner.com\/en\/whitepaper-poc-antigen-schnelltests-selbst-im-unternehmen-durchfuehren\/","og_site_name":"Hugo H\u00e4ffner","article_modified_time":"2021-10-11T12:08:05+00:00","og_image":[{"url":"https:\/\/hugohaeffner.com\/wp-content\/uploads\/2021\/03\/Vorschau_Whitepaper.png","type":"","width":"","height":""}],"twitter_card":"summary_large_image","twitter_misc":{"Est. reading time":"1 minute"},"schema":{"@context":"https:\/\/schema.org","@graph":[{"@type":"WebPage","@id":"https:\/\/hugohaeffner.com\/en\/whitepaper-poc-antigen-schnelltests-selbst-im-unternehmen-durchfuehren\/","url":"https:\/\/hugohaeffner.com\/en\/whitepaper-poc-antigen-schnelltests-selbst-im-unternehmen-durchfuehren\/","name":"Whitepaper: PoC-Antigen-Schnelltests selbst im Unternehmen durchf\u00fchren","isPartOf":{"@id":"https:\/\/hugohaeffner.com\/en\/#website"},"primaryImageOfPage":{"@id":"https:\/\/hugohaeffner.com\/en\/whitepaper-poc-antigen-schnelltests-selbst-im-unternehmen-durchfuehren\/#primaryimage"},"image":{"@id":"https:\/\/hugohaeffner.com\/en\/whitepaper-poc-antigen-schnelltests-selbst-im-unternehmen-durchfuehren\/#primaryimage"},"thumbnailUrl":"https:\/\/hugohaeffner.com\/wp-content\/uploads\/2021\/03\/Vorschau_Whitepaper.png","datePublished":"2021-03-10T11:19:06+00:00","dateModified":"2021-10-11T12:08:05+00:00","description":"So einfach k\u00f6nnen Sie COVID-19 Antigen-Schnelltests selbst im Unternehmen durchf\u00fchren! Jetzt kostenloses Whitepaper herunterladen!","breadcrumb":{"@id":"https:\/\/hugohaeffner.com\/en\/whitepaper-poc-antigen-schnelltests-selbst-im-unternehmen-durchfuehren\/#breadcrumb"},"inLanguage":"en-US","potentialAction":[{"@type":"ReadAction","target":["https:\/\/hugohaeffner.com\/en\/whitepaper-poc-antigen-schnelltests-selbst-im-unternehmen-durchfuehren\/"]}]},{"@type":"ImageObject","inLanguage":"en-US","@id":"https:\/\/hugohaeffner.com\/en\/whitepaper-poc-antigen-schnelltests-selbst-im-unternehmen-durchfuehren\/#primaryimage","url":"https:\/\/hugohaeffner.com\/wp-content\/uploads\/2021\/03\/Vorschau_Whitepaper.png","contentUrl":"https:\/\/hugohaeffner.com\/wp-content\/uploads\/2021\/03\/Vorschau_Whitepaper.png"},{"@type":"BreadcrumbList","@id":"https:\/\/hugohaeffner.com\/en\/whitepaper-poc-antigen-schnelltests-selbst-im-unternehmen-durchfuehren\/#breadcrumb","itemListElement":[{"@type":"ListItem","position":1,"name":"Startseite","item":"https:\/\/hugohaeffner.com\/en\/"},{"@type":"ListItem","position":2,"name":"Whitepaper: PoC-Antigen-Schnelltests selbst im Unternehmen durchf\u00fchren"}]},{"@type":"WebSite","@id":"https:\/\/hugohaeffner.com\/en\/#website","url":"https:\/\/hugohaeffner.com\/en\/","name":"Hugo H\u00e4ffner","description":"Hier stimmt die Verbindung!","publisher":{"@id":"https:\/\/hugohaeffner.com\/en\/#organization"},"potentialAction":[{"@type":"SearchAction","target":{"@type":"EntryPoint","urlTemplate":"https:\/\/hugohaeffner.com\/en\/?s={search_term_string}"},"query-input":{"@type":"PropertyValueSpecification","valueRequired":true,"valueName":"search_term_string"}}],"inLanguage":"en-US"},{"@type":"Organization","@id":"https:\/\/hugohaeffner.com\/en\/#organization","name":"H\u00e4ffner GmbH & Co. KG","url":"https:\/\/hugohaeffner.com\/en\/","logo":{"@type":"ImageObject","inLanguage":"en-US","@id":"https:\/\/hugohaeffner.com\/en\/#\/schema\/logo\/image\/","url":"https:\/\/hugohaeffner.com\/wp-content\/uploads\/2019\/07\/header_logo.png","contentUrl":"https:\/\/hugohaeffner.com\/wp-content\/uploads\/2019\/07\/header_logo.png","width":538,"height":229,"caption":"H\u00e4ffner GmbH & Co. KG"},"image":{"@id":"https:\/\/hugohaeffner.com\/en\/#\/schema\/logo\/image\/"}}]}},"_links":{"self":[{"href":"https:\/\/hugohaeffner.com\/en\/wp-json\/wp\/v2\/pages\/25981","targetHints":{"allow":["GET"]}}],"collection":[{"href":"https:\/\/hugohaeffner.com\/en\/wp-json\/wp\/v2\/pages"}],"about":[{"href":"https:\/\/hugohaeffner.com\/en\/wp-json\/wp\/v2\/types\/page"}],"author":[{"embeddable":true,"href":"https:\/\/hugohaeffner.com\/en\/wp-json\/wp\/v2\/users\/6"}],"replies":[{"embeddable":true,"href":"https:\/\/hugohaeffner.com\/en\/wp-json\/wp\/v2\/comments?post=25981"}],"version-history":[{"count":0,"href":"https:\/\/hugohaeffner.com\/en\/wp-json\/wp\/v2\/pages\/25981\/revisions"}],"wp:attachment":[{"href":"https:\/\/hugohaeffner.com\/en\/wp-json\/wp\/v2\/media?parent=25981"}],"curies":[{"name":"wp","href":"https:\/\/api.w.org\/{rel}","templated":true}]}}