{"id":18449,"date":"2020-04-03T10:32:17","date_gmt":"2020-04-03T08:32:17","guid":{"rendered":"https:\/\/hh-hugohaeffner.tma-server.de\/productcategories-elementor-contents\/general-sales-programme\/"},"modified":"2020-05-06T00:12:17","modified_gmt":"2020-05-05T22:12:17","slug":"general-sales-programme","status":"publish","type":"page","link":"https:\/\/hugohaeffner.com\/en\/productcategories-elementor-contents\/general-sales-programme\/","title":{"rendered":"General Sales-Programme"},"content":{"rendered":"\t\t<div data-elementor-type=\"wp-post\" data-elementor-id=\"18449\" class=\"elementor elementor-18449 elementor-1253\" data-elementor-post-type=\"page\">\n\t\t\t\t\t\t<section class=\"elementor-section elementor-top-section elementor-element elementor-element-ce210e1 elementor-section-boxed elementor-section-height-default elementor-section-height-default\" data-id=\"ce210e1\" data-element_type=\"section\" data-e-type=\"section\" data-settings=\"{&quot;jet_parallax_layout_list&quot;:[{&quot;jet_parallax_layout_image&quot;:{&quot;url&quot;:&quot;&quot;,&quot;id&quot;:&quot;&quot;,&quot;size&quot;:&quot;&quot;},&quot;_id&quot;:&quot;69f7170&quot;,&quot;jet_parallax_layout_image_tablet&quot;:{&quot;url&quot;:&quot;&quot;,&quot;id&quot;:&quot;&quot;,&quot;size&quot;:&quot;&quot;},&quot;jet_parallax_layout_image_mobile&quot;:{&quot;url&quot;:&quot;&quot;,&quot;id&quot;:&quot;&quot;,&quot;size&quot;:&quot;&quot;},&quot;jet_parallax_layout_speed&quot;:{&quot;unit&quot;:&quot;%&quot;,&quot;size&quot;:50,&quot;sizes&quot;:[]},&quot;jet_parallax_layout_type&quot;:&quot;scroll&quot;,&quot;jet_parallax_layout_z_index&quot;:&quot;&quot;,&quot;jet_parallax_layout_bg_x&quot;:50,&quot;jet_parallax_layout_bg_y&quot;:50,&quot;jet_parallax_layout_bg_size&quot;:&quot;auto&quot;,&quot;jet_parallax_layout_animation_prop&quot;:&quot;transform&quot;,&quot;jet_parallax_layout_on&quot;:[&quot;desktop&quot;,&quot;tablet&quot;],&quot;jet_parallax_layout_direction&quot;:&quot;1&quot;,&quot;jet_parallax_layout_fx_direction&quot;:null,&quot;jet_parallax_layout_bg_x_tablet&quot;:&quot;&quot;,&quot;jet_parallax_layout_bg_x_mobile&quot;:&quot;&quot;,&quot;jet_parallax_layout_bg_y_tablet&quot;:&quot;&quot;,&quot;jet_parallax_layout_bg_y_mobile&quot;:&quot;&quot;,&quot;jet_parallax_layout_bg_size_tablet&quot;:&quot;&quot;,&quot;jet_parallax_layout_bg_size_mobile&quot;:&quot;&quot;}]}\">\n\t\t\t\t\t\t<div class=\"elementor-container elementor-column-gap-default\">\n\t\t\t\t\t<div class=\"elementor-column elementor-col-100 elementor-top-column elementor-element elementor-element-65b403f\" data-id=\"65b403f\" data-element_type=\"column\" data-e-type=\"column\">\n\t\t\t<div class=\"elementor-widget-wrap elementor-element-populated\">\n\t\t\t\t\t\t<div class=\"elementor-element elementor-element-3dca860 elementor-widget elementor-widget-heading\" data-id=\"3dca860\" data-element_type=\"widget\" data-e-type=\"widget\" data-widget_type=\"heading.default\">\n\t\t\t\t<div class=\"elementor-widget-container\">\n\t\t\t\t\t<h2 class=\"elementor-heading-title elementor-size-default\">We offer the best (chemical) bond!<\/h2>\t\t\t\t<\/div>\n\t\t\t\t<\/div>\n\t\t\t\t<div class=\"elementor-element elementor-element-df78903 elementor-widget elementor-widget-text-editor\" data-id=\"df78903\" data-element_type=\"widget\" data-e-type=\"widget\" data-widget_type=\"text-editor.default\">\n\t\t\t\t<div class=\"elementor-widget-container\">\n\t\t\t\t\t\t\t\t\t<p>Our product portfolio allows our customers to obtain almost all their needs from one source. We call this one-stop shopping! Because no matter what product you need, you can purchase commodities and specialty chemicals from just one partner. With more than 3,000 chemical substances and articles, we offer our customers a broad product portfolio ranging from basic and specialty chemicals and BASF intermediates to flame retardants\/complexing agents and laboratory supplies\/equipment.<\/p>\n<p>Individual and professional advice is always included and our many years of industry know-how make us a competent partner in chemistry for our customers and suppliers.<\/p>\n<h5>Do you have specific questions about our products? <a href=\"\/..\/\/en\/contact\/\">Please contact us!<\/a> We look forward to getting to know you!<\/h5>\n\t\t\t\t\t\t\t\t<\/div>\n\t\t\t\t<\/div>\n\t\t\t\t\t<\/div>\n\t\t<\/div>\n\t\t\t\t\t<\/div>\n\t\t<\/section>\n\t\t\t\t<\/div>\n\t\t","protected":false},"excerpt":{"rendered":"<p>We offer the best (chemical) bond! Our product portfolio allows our customers to obtain almost all their needs from one source. We call this one-stop shopping! Because no matter what product you need, you can purchase commodities and specialty chemicals from just one partner. With more than 3,000 chemical substances and articles, we offer our [&hellip;]<\/p>\n","protected":false},"author":2,"featured_media":0,"parent":17921,"menu_order":0,"comment_status":"closed","ping_status":"closed","template":"","meta":{"_acf_changed":false,"footnotes":""},"class_list":["post-18449","page","type-page","status-publish","hentry"],"acf":[],"yoast_head":"<!-- This site is optimized with the Yoast SEO Premium plugin v26.4 (Yoast SEO v27.5) - https:\/\/yoast.com\/product\/yoast-seo-premium-wordpress\/ -->\n<title>General Sales-Programme - One-Stop-Shopping - Single sourcing with H\u00e4ffner!<\/title>\n<meta name=\"description\" content=\"One Stop Shopping - Single sourcing with H\u00e4ffner! Over 3,000 chemical products immediately available! The first-class H\u00e4ffner service is always inclusive! Inquire still today!\" \/>\n<meta name=\"robots\" content=\"index, follow, max-snippet:-1, max-image-preview:large, max-video-preview:-1\" \/>\n<link rel=\"canonical\" href=\"https:\/\/hugohaeffner.com\/en\/productcategories-elementor-contents\/general-sales-programme\/\" \/>\n<meta property=\"og:locale\" content=\"en_US\" \/>\n<meta property=\"og:type\" content=\"article\" \/>\n<meta property=\"og:title\" content=\"General Sales-Programme\" \/>\n<meta property=\"og:description\" content=\"One Stop Shopping - Single sourcing with H\u00e4ffner! Over 3,000 chemical products immediately available! The first-class H\u00e4ffner service is always inclusive! Inquire still today!\" \/>\n<meta property=\"og:url\" content=\"https:\/\/hugohaeffner.com\/en\/productcategories-elementor-contents\/general-sales-programme\/\" \/>\n<meta property=\"og:site_name\" content=\"Hugo H\u00e4ffner\" \/>\n<meta property=\"article:modified_time\" content=\"2020-05-05T22:12:17+00:00\" \/>\n<meta name=\"twitter:card\" content=\"summary_large_image\" \/>\n<meta name=\"twitter:label1\" content=\"Est. reading time\" \/>\n\t<meta name=\"twitter:data1\" content=\"1 minute\" \/>\n<script type=\"application\/ld+json\" class=\"yoast-schema-graph\">{\"@context\":\"https:\\\/\\\/schema.org\",\"@graph\":[{\"@type\":\"WebPage\",\"@id\":\"https:\\\/\\\/hugohaeffner.com\\\/en\\\/productcategories-elementor-contents\\\/general-sales-programme\\\/\",\"url\":\"https:\\\/\\\/hugohaeffner.com\\\/en\\\/productcategories-elementor-contents\\\/general-sales-programme\\\/\",\"name\":\"General Sales-Programme - One-Stop-Shopping - Single sourcing with H\u00e4ffner!\",\"isPartOf\":{\"@id\":\"https:\\\/\\\/hugohaeffner.com\\\/en\\\/#website\"},\"datePublished\":\"2020-04-03T08:32:17+00:00\",\"dateModified\":\"2020-05-05T22:12:17+00:00\",\"description\":\"One Stop Shopping - Single sourcing with H\u00e4ffner! Over 3,000 chemical products immediately available! The first-class H\u00e4ffner service is always inclusive! Inquire still today!\",\"breadcrumb\":{\"@id\":\"https:\\\/\\\/hugohaeffner.com\\\/en\\\/productcategories-elementor-contents\\\/general-sales-programme\\\/#breadcrumb\"},\"inLanguage\":\"en-US\",\"potentialAction\":[{\"@type\":\"ReadAction\",\"target\":[\"https:\\\/\\\/hugohaeffner.com\\\/en\\\/productcategories-elementor-contents\\\/general-sales-programme\\\/\"]}]},{\"@type\":\"BreadcrumbList\",\"@id\":\"https:\\\/\\\/hugohaeffner.com\\\/en\\\/productcategories-elementor-contents\\\/general-sales-programme\\\/#breadcrumb\",\"itemListElement\":[{\"@type\":\"ListItem\",\"position\":1,\"name\":\"Startseite\",\"item\":\"https:\\\/\\\/hugohaeffner.com\\\/en\\\/\"},{\"@type\":\"ListItem\",\"position\":2,\"name\":\"Productcategories &#8211; Elementor Contents\",\"item\":\"https:\\\/\\\/hugohaeffner.com\\\/en\\\/productcategories-elementor-contents\\\/\"},{\"@type\":\"ListItem\",\"position\":3,\"name\":\"General Sales-Programme\"}]},{\"@type\":\"WebSite\",\"@id\":\"https:\\\/\\\/hugohaeffner.com\\\/en\\\/#website\",\"url\":\"https:\\\/\\\/hugohaeffner.com\\\/en\\\/\",\"name\":\"Hugo H\u00e4ffner\",\"description\":\"Hier stimmt die Verbindung!\",\"publisher\":{\"@id\":\"https:\\\/\\\/hugohaeffner.com\\\/en\\\/#organization\"},\"potentialAction\":[{\"@type\":\"SearchAction\",\"target\":{\"@type\":\"EntryPoint\",\"urlTemplate\":\"https:\\\/\\\/hugohaeffner.com\\\/en\\\/?s={search_term_string}\"},\"query-input\":{\"@type\":\"PropertyValueSpecification\",\"valueRequired\":true,\"valueName\":\"search_term_string\"}}],\"inLanguage\":\"en-US\"},{\"@type\":\"Organization\",\"@id\":\"https:\\\/\\\/hugohaeffner.com\\\/en\\\/#organization\",\"name\":\"H\u00e4ffner GmbH & Co. KG\",\"url\":\"https:\\\/\\\/hugohaeffner.com\\\/en\\\/\",\"logo\":{\"@type\":\"ImageObject\",\"inLanguage\":\"en-US\",\"@id\":\"https:\\\/\\\/hugohaeffner.com\\\/en\\\/#\\\/schema\\\/logo\\\/image\\\/\",\"url\":\"https:\\\/\\\/hugohaeffner.com\\\/wp-content\\\/uploads\\\/2019\\\/07\\\/header_logo.png\",\"contentUrl\":\"https:\\\/\\\/hugohaeffner.com\\\/wp-content\\\/uploads\\\/2019\\\/07\\\/header_logo.png\",\"width\":538,\"height\":229,\"caption\":\"H\u00e4ffner GmbH & Co. KG\"},\"image\":{\"@id\":\"https:\\\/\\\/hugohaeffner.com\\\/en\\\/#\\\/schema\\\/logo\\\/image\\\/\"}}]}<\/script>\n<!-- \/ Yoast SEO Premium plugin. -->","yoast_head_json":{"title":"General Sales-Programme - One-Stop-Shopping - Single sourcing with H\u00e4ffner!","description":"One Stop Shopping - Single sourcing with H\u00e4ffner! Over 3,000 chemical products immediately available! The first-class H\u00e4ffner service is always inclusive! Inquire still today!","robots":{"index":"index","follow":"follow","max-snippet":"max-snippet:-1","max-image-preview":"max-image-preview:large","max-video-preview":"max-video-preview:-1"},"canonical":"https:\/\/hugohaeffner.com\/en\/productcategories-elementor-contents\/general-sales-programme\/","og_locale":"en_US","og_type":"article","og_title":"General Sales-Programme","og_description":"One Stop Shopping - Single sourcing with H\u00e4ffner! Over 3,000 chemical products immediately available! The first-class H\u00e4ffner service is always inclusive! Inquire still today!","og_url":"https:\/\/hugohaeffner.com\/en\/productcategories-elementor-contents\/general-sales-programme\/","og_site_name":"Hugo H\u00e4ffner","article_modified_time":"2020-05-05T22:12:17+00:00","twitter_card":"summary_large_image","twitter_misc":{"Est. reading time":"1 minute"},"schema":{"@context":"https:\/\/schema.org","@graph":[{"@type":"WebPage","@id":"https:\/\/hugohaeffner.com\/en\/productcategories-elementor-contents\/general-sales-programme\/","url":"https:\/\/hugohaeffner.com\/en\/productcategories-elementor-contents\/general-sales-programme\/","name":"General Sales-Programme - One-Stop-Shopping - Single sourcing with H\u00e4ffner!","isPartOf":{"@id":"https:\/\/hugohaeffner.com\/en\/#website"},"datePublished":"2020-04-03T08:32:17+00:00","dateModified":"2020-05-05T22:12:17+00:00","description":"One Stop Shopping - Single sourcing with H\u00e4ffner! Over 3,000 chemical products immediately available! The first-class H\u00e4ffner service is always inclusive! Inquire still today!","breadcrumb":{"@id":"https:\/\/hugohaeffner.com\/en\/productcategories-elementor-contents\/general-sales-programme\/#breadcrumb"},"inLanguage":"en-US","potentialAction":[{"@type":"ReadAction","target":["https:\/\/hugohaeffner.com\/en\/productcategories-elementor-contents\/general-sales-programme\/"]}]},{"@type":"BreadcrumbList","@id":"https:\/\/hugohaeffner.com\/en\/productcategories-elementor-contents\/general-sales-programme\/#breadcrumb","itemListElement":[{"@type":"ListItem","position":1,"name":"Startseite","item":"https:\/\/hugohaeffner.com\/en\/"},{"@type":"ListItem","position":2,"name":"Productcategories &#8211; Elementor Contents","item":"https:\/\/hugohaeffner.com\/en\/productcategories-elementor-contents\/"},{"@type":"ListItem","position":3,"name":"General Sales-Programme"}]},{"@type":"WebSite","@id":"https:\/\/hugohaeffner.com\/en\/#website","url":"https:\/\/hugohaeffner.com\/en\/","name":"Hugo H\u00e4ffner","description":"Hier stimmt die Verbindung!","publisher":{"@id":"https:\/\/hugohaeffner.com\/en\/#organization"},"potentialAction":[{"@type":"SearchAction","target":{"@type":"EntryPoint","urlTemplate":"https:\/\/hugohaeffner.com\/en\/?s={search_term_string}"},"query-input":{"@type":"PropertyValueSpecification","valueRequired":true,"valueName":"search_term_string"}}],"inLanguage":"en-US"},{"@type":"Organization","@id":"https:\/\/hugohaeffner.com\/en\/#organization","name":"H\u00e4ffner GmbH & Co. KG","url":"https:\/\/hugohaeffner.com\/en\/","logo":{"@type":"ImageObject","inLanguage":"en-US","@id":"https:\/\/hugohaeffner.com\/en\/#\/schema\/logo\/image\/","url":"https:\/\/hugohaeffner.com\/wp-content\/uploads\/2019\/07\/header_logo.png","contentUrl":"https:\/\/hugohaeffner.com\/wp-content\/uploads\/2019\/07\/header_logo.png","width":538,"height":229,"caption":"H\u00e4ffner GmbH & Co. KG"},"image":{"@id":"https:\/\/hugohaeffner.com\/en\/#\/schema\/logo\/image\/"}}]}},"_links":{"self":[{"href":"https:\/\/hugohaeffner.com\/en\/wp-json\/wp\/v2\/pages\/18449","targetHints":{"allow":["GET"]}}],"collection":[{"href":"https:\/\/hugohaeffner.com\/en\/wp-json\/wp\/v2\/pages"}],"about":[{"href":"https:\/\/hugohaeffner.com\/en\/wp-json\/wp\/v2\/types\/page"}],"author":[{"embeddable":true,"href":"https:\/\/hugohaeffner.com\/en\/wp-json\/wp\/v2\/users\/2"}],"replies":[{"embeddable":true,"href":"https:\/\/hugohaeffner.com\/en\/wp-json\/wp\/v2\/comments?post=18449"}],"version-history":[{"count":0,"href":"https:\/\/hugohaeffner.com\/en\/wp-json\/wp\/v2\/pages\/18449\/revisions"}],"up":[{"embeddable":true,"href":"https:\/\/hugohaeffner.com\/en\/wp-json\/wp\/v2\/pages\/17921"}],"wp:attachment":[{"href":"https:\/\/hugohaeffner.com\/en\/wp-json\/wp\/v2\/media?parent=18449"}],"curies":[{"name":"wp","href":"https:\/\/api.w.org\/{rel}","templated":true}]}}