{"id":17948,"date":"2020-03-24T11:52:51","date_gmt":"2020-03-24T10:52:51","guid":{"rendered":"https:\/\/hh-hugohaeffner.tma-server.de\/productcategories-elementor-contents\/laundry-facility\/"},"modified":"2020-05-06T00:12:17","modified_gmt":"2020-05-05T22:12:17","slug":"laundry-facility","status":"publish","type":"page","link":"https:\/\/hugohaeffner.com\/en\/productcategories-elementor-contents\/laundry-facility\/","title":{"rendered":"Laundry Facility"},"content":{"rendered":"\t\t<div data-elementor-type=\"wp-page\" data-elementor-id=\"17948\" class=\"elementor elementor-17948 elementor-17676\" data-elementor-post-type=\"page\">\n\t\t\t\t\t\t<section class=\"elementor-section elementor-top-section elementor-element elementor-element-58f2d1b elementor-section-boxed elementor-section-height-default elementor-section-height-default\" data-id=\"58f2d1b\" data-element_type=\"section\" data-e-type=\"section\" data-settings=\"{&quot;jet_parallax_layout_list&quot;:[{&quot;jet_parallax_layout_image&quot;:{&quot;url&quot;:&quot;&quot;,&quot;id&quot;:&quot;&quot;,&quot;size&quot;:&quot;&quot;},&quot;_id&quot;:&quot;bbd0c67&quot;,&quot;jet_parallax_layout_image_tablet&quot;:{&quot;url&quot;:&quot;&quot;,&quot;id&quot;:&quot;&quot;,&quot;size&quot;:&quot;&quot;},&quot;jet_parallax_layout_image_mobile&quot;:{&quot;url&quot;:&quot;&quot;,&quot;id&quot;:&quot;&quot;,&quot;size&quot;:&quot;&quot;},&quot;jet_parallax_layout_speed&quot;:{&quot;unit&quot;:&quot;%&quot;,&quot;size&quot;:50,&quot;sizes&quot;:[]},&quot;jet_parallax_layout_type&quot;:&quot;scroll&quot;,&quot;jet_parallax_layout_direction&quot;:&quot;1&quot;,&quot;jet_parallax_layout_fx_direction&quot;:null,&quot;jet_parallax_layout_z_index&quot;:&quot;&quot;,&quot;jet_parallax_layout_bg_x&quot;:50,&quot;jet_parallax_layout_bg_y&quot;:50,&quot;jet_parallax_layout_bg_size&quot;:&quot;auto&quot;,&quot;jet_parallax_layout_animation_prop&quot;:&quot;transform&quot;,&quot;jet_parallax_layout_on&quot;:[&quot;desktop&quot;,&quot;tablet&quot;],&quot;jet_parallax_layout_bg_x_tablet&quot;:&quot;&quot;,&quot;jet_parallax_layout_bg_x_mobile&quot;:&quot;&quot;,&quot;jet_parallax_layout_bg_y_tablet&quot;:&quot;&quot;,&quot;jet_parallax_layout_bg_y_mobile&quot;:&quot;&quot;,&quot;jet_parallax_layout_bg_size_tablet&quot;:&quot;&quot;,&quot;jet_parallax_layout_bg_size_mobile&quot;:&quot;&quot;}]}\">\n\t\t\t\t\t\t<div class=\"elementor-container elementor-column-gap-default\">\n\t\t\t\t\t<div class=\"elementor-column elementor-col-100 elementor-top-column elementor-element elementor-element-04d7f58\" data-id=\"04d7f58\" data-element_type=\"column\" data-e-type=\"column\">\n\t\t\t<div class=\"elementor-widget-wrap elementor-element-populated\">\n\t\t\t\t\t\t<div class=\"elementor-element elementor-element-153c98d elementor-widget elementor-widget-text-editor\" data-id=\"153c98d\" data-element_type=\"widget\" data-e-type=\"widget\" data-widget_type=\"text-editor.default\">\n\t\t\t\t<div class=\"elementor-widget-container\">\n\t\t\t\t\t\t\t\t\t<h2>Chemical products for laundries &#8211; a clean business!<\/h2>\n<p>Whether as an organisational unit in large companies or as commercial laundries: The service provided by laundries is the basis for a safe working day for millions of people worldwide! Because without clean and residue-free washed work clothes, compliance with occupational safety regulations and thus the protection of employees is not possible. Our products in the field of laundry chemistry support laundries in carrying out their tasks as resource-sparingly and efficiently as possible. H\u00e4ffner supplies laundries with various acids, bases, solids and solvents &#8211; for an optimal washing result!<\/p>\n<p>As usual at H\u00e4ffner, customers can profit from our permanent stocks in this area and the possibility of individual packaging. Our own, experienced and specially trained fleet of vehicles as well as our long-standing external partners also ensure a maximum of safety and reliability for the transport of the products for you.<\/p>\n<p>Here you will find all information on the <a href=\"\/...\/\/en\/informations\/biocide-2\/\">Biocide Ordinance<\/a>. If you are also interested in the area of detergents \/ washing systems, please contact our partner CHT R. Beitlich GmbH in D-72072 T\u00fcbingen (www.cht.com).<\/p>\n<h5>Do you have further questions about our products of the delivery program for laundry chemistry? <a href=\"\/..\/\/en\/contact\/\">Please contact us!<\/a> We are looking forward to get to know you!<\/h5>\n\t\t\t\t\t\t\t\t<\/div>\n\t\t\t\t<\/div>\n\t\t\t\t\t<\/div>\n\t\t<\/div>\n\t\t\t\t\t<\/div>\n\t\t<\/section>\n\t\t\t\t<\/div>\n\t\t","protected":false},"excerpt":{"rendered":"<p>Chemical products for laundries &#8211; a clean business! Whether as an organisational unit in large companies or as commercial laundries: The service provided by laundries is the basis for a safe working day for millions of people worldwide! Because without clean and residue-free washed work clothes, compliance with occupational safety regulations and thus the protection [&hellip;]<\/p>\n","protected":false},"author":10,"featured_media":0,"parent":17921,"menu_order":0,"comment_status":"closed","ping_status":"closed","template":"","meta":{"_acf_changed":false,"footnotes":""},"class_list":["post-17948","page","type-page","status-publish","hentry"],"acf":[],"yoast_head":"<!-- This site is optimized with the Yoast SEO Premium plugin v26.4 (Yoast SEO v27.4) - https:\/\/yoast.com\/product\/yoast-seo-premium-wordpress\/ -->\n<title>Laundry Facility - Hugo H\u00e4ffner<\/title>\n<meta name=\"description\" content=\"Laundry chemistry products in best quality buy with H\u00e4ffner! Always inclusive: The first-class H\u00e4ffner service! Inquire still today! Our experts advise you gladly!\" \/>\n<meta name=\"robots\" content=\"index, follow, max-snippet:-1, max-image-preview:large, max-video-preview:-1\" \/>\n<link rel=\"canonical\" href=\"https:\/\/hugohaeffner.com\/en\/productcategories-elementor-contents\/laundry-facility\/\" \/>\n<meta property=\"og:locale\" content=\"en_US\" \/>\n<meta property=\"og:type\" content=\"article\" \/>\n<meta property=\"og:title\" content=\"Laundry Facility\" \/>\n<meta property=\"og:description\" content=\"Laundry chemistry products in best quality buy with H\u00e4ffner! Always inclusive: The first-class H\u00e4ffner service! Inquire still today! Our experts advise you gladly!\" \/>\n<meta property=\"og:url\" content=\"https:\/\/hugohaeffner.com\/en\/productcategories-elementor-contents\/laundry-facility\/\" \/>\n<meta property=\"og:site_name\" content=\"Hugo H\u00e4ffner\" \/>\n<meta property=\"article:modified_time\" content=\"2020-05-05T22:12:17+00:00\" \/>\n<meta name=\"twitter:card\" content=\"summary_large_image\" \/>\n<meta name=\"twitter:label1\" content=\"Est. reading time\" \/>\n\t<meta name=\"twitter:data1\" content=\"1 minute\" \/>\n<script type=\"application\/ld+json\" class=\"yoast-schema-graph\">{\"@context\":\"https:\\\/\\\/schema.org\",\"@graph\":[{\"@type\":\"WebPage\",\"@id\":\"https:\\\/\\\/hugohaeffner.com\\\/en\\\/productcategories-elementor-contents\\\/laundry-facility\\\/\",\"url\":\"https:\\\/\\\/hugohaeffner.com\\\/en\\\/productcategories-elementor-contents\\\/laundry-facility\\\/\",\"name\":\"Laundry Facility - Hugo H\u00e4ffner\",\"isPartOf\":{\"@id\":\"https:\\\/\\\/hugohaeffner.com\\\/en\\\/#website\"},\"datePublished\":\"2020-03-24T10:52:51+00:00\",\"dateModified\":\"2020-05-05T22:12:17+00:00\",\"description\":\"Laundry chemistry products in best quality buy with H\u00e4ffner! Always inclusive: The first-class H\u00e4ffner service! Inquire still today! Our experts advise you gladly!\",\"breadcrumb\":{\"@id\":\"https:\\\/\\\/hugohaeffner.com\\\/en\\\/productcategories-elementor-contents\\\/laundry-facility\\\/#breadcrumb\"},\"inLanguage\":\"en-US\",\"potentialAction\":[{\"@type\":\"ReadAction\",\"target\":[\"https:\\\/\\\/hugohaeffner.com\\\/en\\\/productcategories-elementor-contents\\\/laundry-facility\\\/\"]}]},{\"@type\":\"BreadcrumbList\",\"@id\":\"https:\\\/\\\/hugohaeffner.com\\\/en\\\/productcategories-elementor-contents\\\/laundry-facility\\\/#breadcrumb\",\"itemListElement\":[{\"@type\":\"ListItem\",\"position\":1,\"name\":\"Startseite\",\"item\":\"https:\\\/\\\/hugohaeffner.com\\\/en\\\/\"},{\"@type\":\"ListItem\",\"position\":2,\"name\":\"Productcategories &#8211; Elementor Contents\",\"item\":\"https:\\\/\\\/hugohaeffner.com\\\/en\\\/productcategories-elementor-contents\\\/\"},{\"@type\":\"ListItem\",\"position\":3,\"name\":\"Laundry Facility\"}]},{\"@type\":\"WebSite\",\"@id\":\"https:\\\/\\\/hugohaeffner.com\\\/en\\\/#website\",\"url\":\"https:\\\/\\\/hugohaeffner.com\\\/en\\\/\",\"name\":\"Hugo H\u00e4ffner\",\"description\":\"Hier stimmt die Verbindung!\",\"publisher\":{\"@id\":\"https:\\\/\\\/hugohaeffner.com\\\/en\\\/#organization\"},\"potentialAction\":[{\"@type\":\"SearchAction\",\"target\":{\"@type\":\"EntryPoint\",\"urlTemplate\":\"https:\\\/\\\/hugohaeffner.com\\\/en\\\/?s={search_term_string}\"},\"query-input\":{\"@type\":\"PropertyValueSpecification\",\"valueRequired\":true,\"valueName\":\"search_term_string\"}}],\"inLanguage\":\"en-US\"},{\"@type\":\"Organization\",\"@id\":\"https:\\\/\\\/hugohaeffner.com\\\/en\\\/#organization\",\"name\":\"H\u00e4ffner GmbH & Co. KG\",\"url\":\"https:\\\/\\\/hugohaeffner.com\\\/en\\\/\",\"logo\":{\"@type\":\"ImageObject\",\"inLanguage\":\"en-US\",\"@id\":\"https:\\\/\\\/hugohaeffner.com\\\/en\\\/#\\\/schema\\\/logo\\\/image\\\/\",\"url\":\"https:\\\/\\\/hugohaeffner.com\\\/wp-content\\\/uploads\\\/2019\\\/07\\\/header_logo.png\",\"contentUrl\":\"https:\\\/\\\/hugohaeffner.com\\\/wp-content\\\/uploads\\\/2019\\\/07\\\/header_logo.png\",\"width\":538,\"height\":229,\"caption\":\"H\u00e4ffner GmbH & Co. KG\"},\"image\":{\"@id\":\"https:\\\/\\\/hugohaeffner.com\\\/en\\\/#\\\/schema\\\/logo\\\/image\\\/\"}}]}<\/script>\n<!-- \/ Yoast SEO Premium plugin. -->","yoast_head_json":{"title":"Laundry Facility - Hugo H\u00e4ffner","description":"Laundry chemistry products in best quality buy with H\u00e4ffner! Always inclusive: The first-class H\u00e4ffner service! Inquire still today! Our experts advise you gladly!","robots":{"index":"index","follow":"follow","max-snippet":"max-snippet:-1","max-image-preview":"max-image-preview:large","max-video-preview":"max-video-preview:-1"},"canonical":"https:\/\/hugohaeffner.com\/en\/productcategories-elementor-contents\/laundry-facility\/","og_locale":"en_US","og_type":"article","og_title":"Laundry Facility","og_description":"Laundry chemistry products in best quality buy with H\u00e4ffner! Always inclusive: The first-class H\u00e4ffner service! Inquire still today! Our experts advise you gladly!","og_url":"https:\/\/hugohaeffner.com\/en\/productcategories-elementor-contents\/laundry-facility\/","og_site_name":"Hugo H\u00e4ffner","article_modified_time":"2020-05-05T22:12:17+00:00","twitter_card":"summary_large_image","twitter_misc":{"Est. reading time":"1 minute"},"schema":{"@context":"https:\/\/schema.org","@graph":[{"@type":"WebPage","@id":"https:\/\/hugohaeffner.com\/en\/productcategories-elementor-contents\/laundry-facility\/","url":"https:\/\/hugohaeffner.com\/en\/productcategories-elementor-contents\/laundry-facility\/","name":"Laundry Facility - Hugo H\u00e4ffner","isPartOf":{"@id":"https:\/\/hugohaeffner.com\/en\/#website"},"datePublished":"2020-03-24T10:52:51+00:00","dateModified":"2020-05-05T22:12:17+00:00","description":"Laundry chemistry products in best quality buy with H\u00e4ffner! Always inclusive: The first-class H\u00e4ffner service! Inquire still today! Our experts advise you gladly!","breadcrumb":{"@id":"https:\/\/hugohaeffner.com\/en\/productcategories-elementor-contents\/laundry-facility\/#breadcrumb"},"inLanguage":"en-US","potentialAction":[{"@type":"ReadAction","target":["https:\/\/hugohaeffner.com\/en\/productcategories-elementor-contents\/laundry-facility\/"]}]},{"@type":"BreadcrumbList","@id":"https:\/\/hugohaeffner.com\/en\/productcategories-elementor-contents\/laundry-facility\/#breadcrumb","itemListElement":[{"@type":"ListItem","position":1,"name":"Startseite","item":"https:\/\/hugohaeffner.com\/en\/"},{"@type":"ListItem","position":2,"name":"Productcategories &#8211; Elementor Contents","item":"https:\/\/hugohaeffner.com\/en\/productcategories-elementor-contents\/"},{"@type":"ListItem","position":3,"name":"Laundry Facility"}]},{"@type":"WebSite","@id":"https:\/\/hugohaeffner.com\/en\/#website","url":"https:\/\/hugohaeffner.com\/en\/","name":"Hugo H\u00e4ffner","description":"Hier stimmt die Verbindung!","publisher":{"@id":"https:\/\/hugohaeffner.com\/en\/#organization"},"potentialAction":[{"@type":"SearchAction","target":{"@type":"EntryPoint","urlTemplate":"https:\/\/hugohaeffner.com\/en\/?s={search_term_string}"},"query-input":{"@type":"PropertyValueSpecification","valueRequired":true,"valueName":"search_term_string"}}],"inLanguage":"en-US"},{"@type":"Organization","@id":"https:\/\/hugohaeffner.com\/en\/#organization","name":"H\u00e4ffner GmbH & Co. KG","url":"https:\/\/hugohaeffner.com\/en\/","logo":{"@type":"ImageObject","inLanguage":"en-US","@id":"https:\/\/hugohaeffner.com\/en\/#\/schema\/logo\/image\/","url":"https:\/\/hugohaeffner.com\/wp-content\/uploads\/2019\/07\/header_logo.png","contentUrl":"https:\/\/hugohaeffner.com\/wp-content\/uploads\/2019\/07\/header_logo.png","width":538,"height":229,"caption":"H\u00e4ffner GmbH & Co. KG"},"image":{"@id":"https:\/\/hugohaeffner.com\/en\/#\/schema\/logo\/image\/"}}]}},"_links":{"self":[{"href":"https:\/\/hugohaeffner.com\/en\/wp-json\/wp\/v2\/pages\/17948","targetHints":{"allow":["GET"]}}],"collection":[{"href":"https:\/\/hugohaeffner.com\/en\/wp-json\/wp\/v2\/pages"}],"about":[{"href":"https:\/\/hugohaeffner.com\/en\/wp-json\/wp\/v2\/types\/page"}],"author":[{"embeddable":true,"href":"https:\/\/hugohaeffner.com\/en\/wp-json\/wp\/v2\/users\/10"}],"replies":[{"embeddable":true,"href":"https:\/\/hugohaeffner.com\/en\/wp-json\/wp\/v2\/comments?post=17948"}],"version-history":[{"count":0,"href":"https:\/\/hugohaeffner.com\/en\/wp-json\/wp\/v2\/pages\/17948\/revisions"}],"up":[{"embeddable":true,"href":"https:\/\/hugohaeffner.com\/en\/wp-json\/wp\/v2\/pages\/17921"}],"wp:attachment":[{"href":"https:\/\/hugohaeffner.com\/en\/wp-json\/wp\/v2\/media?parent=17948"}],"curies":[{"name":"wp","href":"https:\/\/api.w.org\/{rel}","templated":true}]}}