{"id":17938,"date":"2020-03-24T11:49:16","date_gmt":"2020-03-24T10:49:16","guid":{"rendered":"https:\/\/hh-hugohaeffner.tma-server.de\/productcategories-elementor-contents\/phthalate-free-softeners\/"},"modified":"2020-05-06T00:12:16","modified_gmt":"2020-05-05T22:12:16","slug":"phthalate-free-softeners","status":"publish","type":"page","link":"https:\/\/hugohaeffner.com\/en\/productcategories-elementor-contents\/phthalate-free-softeners\/","title":{"rendered":"Phthalate-free softeners"},"content":{"rendered":"\t\t<div data-elementor-type=\"wp-page\" data-elementor-id=\"17938\" class=\"elementor elementor-17938 elementor-17656\" data-elementor-post-type=\"page\">\n\t\t\t\t\t\t<section class=\"elementor-section elementor-top-section elementor-element elementor-element-1459383 elementor-section-boxed elementor-section-height-default elementor-section-height-default\" data-id=\"1459383\" data-element_type=\"section\" data-e-type=\"section\" data-settings=\"{&quot;jet_parallax_layout_list&quot;:[{&quot;jet_parallax_layout_image&quot;:{&quot;url&quot;:&quot;&quot;,&quot;id&quot;:&quot;&quot;,&quot;size&quot;:&quot;&quot;},&quot;_id&quot;:&quot;c1c4eb2&quot;,&quot;jet_parallax_layout_image_tablet&quot;:{&quot;url&quot;:&quot;&quot;,&quot;id&quot;:&quot;&quot;,&quot;size&quot;:&quot;&quot;},&quot;jet_parallax_layout_image_mobile&quot;:{&quot;url&quot;:&quot;&quot;,&quot;id&quot;:&quot;&quot;,&quot;size&quot;:&quot;&quot;},&quot;jet_parallax_layout_speed&quot;:{&quot;unit&quot;:&quot;%&quot;,&quot;size&quot;:50,&quot;sizes&quot;:[]},&quot;jet_parallax_layout_type&quot;:&quot;scroll&quot;,&quot;jet_parallax_layout_direction&quot;:&quot;1&quot;,&quot;jet_parallax_layout_fx_direction&quot;:null,&quot;jet_parallax_layout_z_index&quot;:&quot;&quot;,&quot;jet_parallax_layout_bg_x&quot;:50,&quot;jet_parallax_layout_bg_y&quot;:50,&quot;jet_parallax_layout_bg_size&quot;:&quot;auto&quot;,&quot;jet_parallax_layout_animation_prop&quot;:&quot;transform&quot;,&quot;jet_parallax_layout_on&quot;:[&quot;desktop&quot;,&quot;tablet&quot;],&quot;jet_parallax_layout_bg_x_tablet&quot;:&quot;&quot;,&quot;jet_parallax_layout_bg_x_mobile&quot;:&quot;&quot;,&quot;jet_parallax_layout_bg_y_tablet&quot;:&quot;&quot;,&quot;jet_parallax_layout_bg_y_mobile&quot;:&quot;&quot;,&quot;jet_parallax_layout_bg_size_tablet&quot;:&quot;&quot;,&quot;jet_parallax_layout_bg_size_mobile&quot;:&quot;&quot;}]}\">\n\t\t\t\t\t\t<div class=\"elementor-container elementor-column-gap-default\">\n\t\t\t\t\t<div class=\"elementor-column elementor-col-100 elementor-top-column elementor-element elementor-element-90025c2\" data-id=\"90025c2\" data-element_type=\"column\" data-e-type=\"column\">\n\t\t\t<div class=\"elementor-widget-wrap elementor-element-populated\">\n\t\t\t\t\t\t<div class=\"elementor-element elementor-element-5b81027 elementor-widget elementor-widget-text-editor\" data-id=\"5b81027\" data-element_type=\"widget\" data-e-type=\"widget\" data-widget_type=\"text-editor.default\">\n\t\t\t\t<div class=\"elementor-widget-container\">\n\t\t\t\t\t\t\t\t\t<h2>What are softeners? What are phthalates and why are phthalate-free softeners needed?<\/h2>\n<p>Softeners are substances that are added to brittle materials to make them soft, flexible or stretchable, so that they are easier to work with or achieve specific properties. Phthalate-free plasticizers serve as environmentally friendly substitutes for phthalates.<\/p>\n<p>Only the addition of softeners gives the intrinsically hard and brittle plastic polyvinyl chloride (PVC) elastic properties &#8211; and thus enables applications as soft plastic. Softeners should also have a number of properties, such as being light, temperature and water resistant, odourless and colourless, flame-retardant, low volatility and of course not harmful to health. They are contained in large quantities in plastics, paints and varnishes, paints and coatings, sealing compounds, rubber and rubber articles and adhesives. Softening substances also play a role in textile finishing to improve the feel and suppleness. About 35 percent of the raw PVC produced is processed into flexible PVC (PVCplus 2005)<\/p>\n<h2>What are phthalates?<\/h2>\n<p>Phthalates are compounds of phthalic acid (1,2 benzenedicarboxylic acid) with various alcohols (phthalic acid esters). Phthalates are mainly used as plasticizers for plastics. It is only when they are added that polyvinyl chloride (PVC), which is hard and brittle in itself, acquires elastic properties and enables it to be used as a soft plastic. The chemical industry in Western Europe produces around one million tonnes of phthalates annually. They are used, for example, in cables, foils, floor coverings, hoses, wallpaper, sports and leisure articles. More than 90 per cent are used as plasticizers in the production of soft PVC (ECPI 2006). Products made of soft PVC consist on average of 30 to 35 percent plasticizers (AGPU 2006).<\/p>\n<h2>Why phthalate-free softeners?<\/h2>\n<p>Phthalates are released into the environment when they are used and, if they are only slowly degraded, they enter the food chain as a result. They can then be ingested to a significant extent with food. Direct absorption through the skin is only pronounced in the case of short-chain phthalate esters; in the case of the other phthalate esters it is of minor importance in humans.<\/p>\n<p>The industry uses very different substances as softeners, with low-volatile phthalic acid esters still predominant in terms of quantity. The five most commonly used phthalates are: DIDP (di-iso-decyl phthalate), DINP (di-isononyl phthalate), DEHP (di(2-ethylhexyl) phthalate), DBP (di-butyl phthalate) and BBP (benzyl butyl phthalate).<\/p>\n<p>The member states of the European Union (EU) classified the phthalates DeHp, DBp and BBp as toxic for reproduction. A risk to humans or the environment results from the risk assessments in only a few areas of application &#8211; for example, baby articles and children&#8217;s toys. The EU Commission has now issued a ban on use in these areas. For some years now, the chemical industry has been replacing phthalates that are toxic for reproduction, primarily with DIDP and DINP, which are not classified as hazardous substances. For DIDP &#8211; and for precautionary reasons also for DINP &#8211; there is nevertheless a ban in Europe on baby products and children&#8217;s toys that can be put in the mouth.<\/p>\n<p>In 2004, the market share of non-phthalate softeners in Western Europe was about seven percent (AGPU 2006). These are mainly adipates (esters of adipic acid), especially di(2-ethylhexyl) adipate (DEHA) and diisononyl adipate (DINA), and citrates (esters of citric acid), especially acetyltributyl citrate (ATBC). Phosphates with simultaneous flame-retardant effects also act as plasticizers. DEHA is mainly found in food packaging, the somewhat more volatile DINA mainly in floor coverings and vinyl wallpaper. ATBC is mainly used as a substitute in children&#8217;s toys made of soft PVC. These non-phthalate-containing plasticizers have environmental advantages over phthalates in terms of their ecotoxicological and toxicological properties.<\/p>\n<h5>Do you have further questions about phthalate-free softeners? <a href=\"\/..\/\/en\/contact\/\">Please contact us!<\/a> We look forward to getting to know you!<\/h5>\n\t\t\t\t\t\t\t\t<\/div>\n\t\t\t\t<\/div>\n\t\t\t\t\t<\/div>\n\t\t<\/div>\n\t\t\t\t\t<\/div>\n\t\t<\/section>\n\t\t\t\t<\/div>\n\t\t","protected":false},"excerpt":{"rendered":"<p>What are softeners? What are phthalates and why are phthalate-free softeners needed? Softeners are substances that are added to brittle materials to make them soft, flexible or stretchable, so that they are easier to work with or achieve specific properties. Phthalate-free plasticizers serve as environmentally friendly substitutes for phthalates. Only the addition of softeners gives [&hellip;]<\/p>\n","protected":false},"author":10,"featured_media":0,"parent":17921,"menu_order":0,"comment_status":"closed","ping_status":"closed","template":"","meta":{"_acf_changed":false,"footnotes":""},"class_list":["post-17938","page","type-page","status-publish","hentry"],"acf":[],"yoast_head":"<!-- This site is optimized with the Yoast SEO Premium plugin v26.4 (Yoast SEO v27.6) - https:\/\/yoast.com\/product\/yoast-seo-premium-wordpress\/ -->\n<title>Phthalate-free softeners - Hugo H\u00e4ffner<\/title>\n<meta name=\"description\" content=\"Buy phthalate-free softeners in best quality at H\u00e4ffner! Always inclusive: The H\u00e4ffner service! Inquire still today! Our experts advise you gladly!\" \/>\n<meta name=\"robots\" content=\"index, follow, max-snippet:-1, max-image-preview:large, max-video-preview:-1\" \/>\n<link rel=\"canonical\" href=\"https:\/\/hugohaeffner.com\/en\/productcategories-elementor-contents\/phthalate-free-softeners\/\" \/>\n<meta property=\"og:locale\" content=\"en_US\" \/>\n<meta property=\"og:type\" content=\"article\" \/>\n<meta property=\"og:title\" content=\"Phthalate-free softeners\" \/>\n<meta property=\"og:description\" content=\"Buy phthalate-free softeners in best quality at H\u00e4ffner! Always inclusive: The H\u00e4ffner service! Inquire still today! Our experts advise you gladly!\" \/>\n<meta property=\"og:url\" content=\"https:\/\/hugohaeffner.com\/en\/productcategories-elementor-contents\/phthalate-free-softeners\/\" \/>\n<meta property=\"og:site_name\" content=\"Hugo H\u00e4ffner\" \/>\n<meta property=\"article:modified_time\" content=\"2020-05-05T22:12:16+00:00\" \/>\n<meta name=\"twitter:card\" content=\"summary_large_image\" \/>\n<meta name=\"twitter:label1\" content=\"Est. reading time\" \/>\n\t<meta name=\"twitter:data1\" content=\"3 minutes\" \/>\n<script type=\"application\/ld+json\" class=\"yoast-schema-graph\">{\"@context\":\"https:\\\/\\\/schema.org\",\"@graph\":[{\"@type\":\"WebPage\",\"@id\":\"https:\\\/\\\/hugohaeffner.com\\\/en\\\/productcategories-elementor-contents\\\/phthalate-free-softeners\\\/\",\"url\":\"https:\\\/\\\/hugohaeffner.com\\\/en\\\/productcategories-elementor-contents\\\/phthalate-free-softeners\\\/\",\"name\":\"Phthalate-free softeners - Hugo H\u00e4ffner\",\"isPartOf\":{\"@id\":\"https:\\\/\\\/hugohaeffner.com\\\/en\\\/#website\"},\"datePublished\":\"2020-03-24T10:49:16+00:00\",\"dateModified\":\"2020-05-05T22:12:16+00:00\",\"description\":\"Buy phthalate-free softeners in best quality at H\u00e4ffner! Always inclusive: The H\u00e4ffner service! Inquire still today! Our experts advise you gladly!\",\"breadcrumb\":{\"@id\":\"https:\\\/\\\/hugohaeffner.com\\\/en\\\/productcategories-elementor-contents\\\/phthalate-free-softeners\\\/#breadcrumb\"},\"inLanguage\":\"en-US\",\"potentialAction\":[{\"@type\":\"ReadAction\",\"target\":[\"https:\\\/\\\/hugohaeffner.com\\\/en\\\/productcategories-elementor-contents\\\/phthalate-free-softeners\\\/\"]}]},{\"@type\":\"BreadcrumbList\",\"@id\":\"https:\\\/\\\/hugohaeffner.com\\\/en\\\/productcategories-elementor-contents\\\/phthalate-free-softeners\\\/#breadcrumb\",\"itemListElement\":[{\"@type\":\"ListItem\",\"position\":1,\"name\":\"Startseite\",\"item\":\"https:\\\/\\\/hugohaeffner.com\\\/en\\\/\"},{\"@type\":\"ListItem\",\"position\":2,\"name\":\"Productcategories &#8211; Elementor Contents\",\"item\":\"https:\\\/\\\/hugohaeffner.com\\\/en\\\/productcategories-elementor-contents\\\/\"},{\"@type\":\"ListItem\",\"position\":3,\"name\":\"Phthalate-free softeners\"}]},{\"@type\":\"WebSite\",\"@id\":\"https:\\\/\\\/hugohaeffner.com\\\/en\\\/#website\",\"url\":\"https:\\\/\\\/hugohaeffner.com\\\/en\\\/\",\"name\":\"Hugo H\u00e4ffner\",\"description\":\"Hier stimmt die Verbindung!\",\"publisher\":{\"@id\":\"https:\\\/\\\/hugohaeffner.com\\\/en\\\/#organization\"},\"potentialAction\":[{\"@type\":\"SearchAction\",\"target\":{\"@type\":\"EntryPoint\",\"urlTemplate\":\"https:\\\/\\\/hugohaeffner.com\\\/en\\\/?s={search_term_string}\"},\"query-input\":{\"@type\":\"PropertyValueSpecification\",\"valueRequired\":true,\"valueName\":\"search_term_string\"}}],\"inLanguage\":\"en-US\"},{\"@type\":\"Organization\",\"@id\":\"https:\\\/\\\/hugohaeffner.com\\\/en\\\/#organization\",\"name\":\"H\u00e4ffner GmbH & Co. KG\",\"url\":\"https:\\\/\\\/hugohaeffner.com\\\/en\\\/\",\"logo\":{\"@type\":\"ImageObject\",\"inLanguage\":\"en-US\",\"@id\":\"https:\\\/\\\/hugohaeffner.com\\\/en\\\/#\\\/schema\\\/logo\\\/image\\\/\",\"url\":\"https:\\\/\\\/hugohaeffner.com\\\/wp-content\\\/uploads\\\/2019\\\/07\\\/header_logo.png\",\"contentUrl\":\"https:\\\/\\\/hugohaeffner.com\\\/wp-content\\\/uploads\\\/2019\\\/07\\\/header_logo.png\",\"width\":538,\"height\":229,\"caption\":\"H\u00e4ffner GmbH & Co. KG\"},\"image\":{\"@id\":\"https:\\\/\\\/hugohaeffner.com\\\/en\\\/#\\\/schema\\\/logo\\\/image\\\/\"}}]}<\/script>\n<!-- \/ Yoast SEO Premium plugin. -->","yoast_head_json":{"title":"Phthalate-free softeners - Hugo H\u00e4ffner","description":"Buy phthalate-free softeners in best quality at H\u00e4ffner! Always inclusive: The H\u00e4ffner service! Inquire still today! Our experts advise you gladly!","robots":{"index":"index","follow":"follow","max-snippet":"max-snippet:-1","max-image-preview":"max-image-preview:large","max-video-preview":"max-video-preview:-1"},"canonical":"https:\/\/hugohaeffner.com\/en\/productcategories-elementor-contents\/phthalate-free-softeners\/","og_locale":"en_US","og_type":"article","og_title":"Phthalate-free softeners","og_description":"Buy phthalate-free softeners in best quality at H\u00e4ffner! Always inclusive: The H\u00e4ffner service! Inquire still today! Our experts advise you gladly!","og_url":"https:\/\/hugohaeffner.com\/en\/productcategories-elementor-contents\/phthalate-free-softeners\/","og_site_name":"Hugo H\u00e4ffner","article_modified_time":"2020-05-05T22:12:16+00:00","twitter_card":"summary_large_image","twitter_misc":{"Est. reading time":"3 minutes"},"schema":{"@context":"https:\/\/schema.org","@graph":[{"@type":"WebPage","@id":"https:\/\/hugohaeffner.com\/en\/productcategories-elementor-contents\/phthalate-free-softeners\/","url":"https:\/\/hugohaeffner.com\/en\/productcategories-elementor-contents\/phthalate-free-softeners\/","name":"Phthalate-free softeners - Hugo H\u00e4ffner","isPartOf":{"@id":"https:\/\/hugohaeffner.com\/en\/#website"},"datePublished":"2020-03-24T10:49:16+00:00","dateModified":"2020-05-05T22:12:16+00:00","description":"Buy phthalate-free softeners in best quality at H\u00e4ffner! Always inclusive: The H\u00e4ffner service! Inquire still today! Our experts advise you gladly!","breadcrumb":{"@id":"https:\/\/hugohaeffner.com\/en\/productcategories-elementor-contents\/phthalate-free-softeners\/#breadcrumb"},"inLanguage":"en-US","potentialAction":[{"@type":"ReadAction","target":["https:\/\/hugohaeffner.com\/en\/productcategories-elementor-contents\/phthalate-free-softeners\/"]}]},{"@type":"BreadcrumbList","@id":"https:\/\/hugohaeffner.com\/en\/productcategories-elementor-contents\/phthalate-free-softeners\/#breadcrumb","itemListElement":[{"@type":"ListItem","position":1,"name":"Startseite","item":"https:\/\/hugohaeffner.com\/en\/"},{"@type":"ListItem","position":2,"name":"Productcategories &#8211; Elementor Contents","item":"https:\/\/hugohaeffner.com\/en\/productcategories-elementor-contents\/"},{"@type":"ListItem","position":3,"name":"Phthalate-free softeners"}]},{"@type":"WebSite","@id":"https:\/\/hugohaeffner.com\/en\/#website","url":"https:\/\/hugohaeffner.com\/en\/","name":"Hugo H\u00e4ffner","description":"Hier stimmt die Verbindung!","publisher":{"@id":"https:\/\/hugohaeffner.com\/en\/#organization"},"potentialAction":[{"@type":"SearchAction","target":{"@type":"EntryPoint","urlTemplate":"https:\/\/hugohaeffner.com\/en\/?s={search_term_string}"},"query-input":{"@type":"PropertyValueSpecification","valueRequired":true,"valueName":"search_term_string"}}],"inLanguage":"en-US"},{"@type":"Organization","@id":"https:\/\/hugohaeffner.com\/en\/#organization","name":"H\u00e4ffner GmbH & Co. KG","url":"https:\/\/hugohaeffner.com\/en\/","logo":{"@type":"ImageObject","inLanguage":"en-US","@id":"https:\/\/hugohaeffner.com\/en\/#\/schema\/logo\/image\/","url":"https:\/\/hugohaeffner.com\/wp-content\/uploads\/2019\/07\/header_logo.png","contentUrl":"https:\/\/hugohaeffner.com\/wp-content\/uploads\/2019\/07\/header_logo.png","width":538,"height":229,"caption":"H\u00e4ffner GmbH & Co. KG"},"image":{"@id":"https:\/\/hugohaeffner.com\/en\/#\/schema\/logo\/image\/"}}]}},"_links":{"self":[{"href":"https:\/\/hugohaeffner.com\/en\/wp-json\/wp\/v2\/pages\/17938","targetHints":{"allow":["GET"]}}],"collection":[{"href":"https:\/\/hugohaeffner.com\/en\/wp-json\/wp\/v2\/pages"}],"about":[{"href":"https:\/\/hugohaeffner.com\/en\/wp-json\/wp\/v2\/types\/page"}],"author":[{"embeddable":true,"href":"https:\/\/hugohaeffner.com\/en\/wp-json\/wp\/v2\/users\/10"}],"replies":[{"embeddable":true,"href":"https:\/\/hugohaeffner.com\/en\/wp-json\/wp\/v2\/comments?post=17938"}],"version-history":[{"count":0,"href":"https:\/\/hugohaeffner.com\/en\/wp-json\/wp\/v2\/pages\/17938\/revisions"}],"up":[{"embeddable":true,"href":"https:\/\/hugohaeffner.com\/en\/wp-json\/wp\/v2\/pages\/17921"}],"wp:attachment":[{"href":"https:\/\/hugohaeffner.com\/en\/wp-json\/wp\/v2\/media?parent=17938"}],"curies":[{"name":"wp","href":"https:\/\/api.w.org\/{rel}","templated":true}]}}