{"id":17934,"date":"2020-03-24T11:48:28","date_gmt":"2020-03-24T10:48:28","guid":{"rendered":"https:\/\/hh-hugohaeffner.tma-server.de\/productcategories-elementor-contents\/food-additives\/"},"modified":"2020-05-06T00:12:16","modified_gmt":"2020-05-05T22:12:16","slug":"food-additives","status":"publish","type":"page","link":"https:\/\/hugohaeffner.com\/en\/productcategories-elementor-contents\/food-additives\/","title":{"rendered":"Food Additives"},"content":{"rendered":"\t\t<div data-elementor-type=\"wp-page\" data-elementor-id=\"17934\" class=\"elementor elementor-17934 elementor-17650\" data-elementor-post-type=\"page\">\n\t\t\t\t\t\t<section class=\"elementor-section elementor-top-section elementor-element elementor-element-4da67f4 elementor-section-boxed elementor-section-height-default elementor-section-height-default\" data-id=\"4da67f4\" data-element_type=\"section\" data-e-type=\"section\" data-settings=\"{&quot;jet_parallax_layout_list&quot;:[{&quot;jet_parallax_layout_image&quot;:{&quot;url&quot;:&quot;&quot;,&quot;id&quot;:&quot;&quot;,&quot;size&quot;:&quot;&quot;},&quot;_id&quot;:&quot;710d388&quot;,&quot;jet_parallax_layout_image_tablet&quot;:{&quot;url&quot;:&quot;&quot;,&quot;id&quot;:&quot;&quot;,&quot;size&quot;:&quot;&quot;},&quot;jet_parallax_layout_image_mobile&quot;:{&quot;url&quot;:&quot;&quot;,&quot;id&quot;:&quot;&quot;,&quot;size&quot;:&quot;&quot;},&quot;jet_parallax_layout_speed&quot;:{&quot;unit&quot;:&quot;%&quot;,&quot;size&quot;:50,&quot;sizes&quot;:[]},&quot;jet_parallax_layout_type&quot;:&quot;scroll&quot;,&quot;jet_parallax_layout_direction&quot;:&quot;1&quot;,&quot;jet_parallax_layout_fx_direction&quot;:null,&quot;jet_parallax_layout_z_index&quot;:&quot;&quot;,&quot;jet_parallax_layout_bg_x&quot;:50,&quot;jet_parallax_layout_bg_y&quot;:50,&quot;jet_parallax_layout_bg_size&quot;:&quot;auto&quot;,&quot;jet_parallax_layout_animation_prop&quot;:&quot;transform&quot;,&quot;jet_parallax_layout_on&quot;:[&quot;desktop&quot;,&quot;tablet&quot;],&quot;jet_parallax_layout_bg_x_tablet&quot;:&quot;&quot;,&quot;jet_parallax_layout_bg_x_mobile&quot;:&quot;&quot;,&quot;jet_parallax_layout_bg_y_tablet&quot;:&quot;&quot;,&quot;jet_parallax_layout_bg_y_mobile&quot;:&quot;&quot;,&quot;jet_parallax_layout_bg_size_tablet&quot;:&quot;&quot;,&quot;jet_parallax_layout_bg_size_mobile&quot;:&quot;&quot;}]}\">\n\t\t\t\t\t\t<div class=\"elementor-container elementor-column-gap-default\">\n\t\t\t\t\t<div class=\"elementor-column elementor-col-100 elementor-top-column elementor-element elementor-element-7e45dda\" data-id=\"7e45dda\" data-element_type=\"column\" data-e-type=\"column\">\n\t\t\t<div class=\"elementor-widget-wrap elementor-element-populated\">\n\t\t\t\t\t\t<div class=\"elementor-element elementor-element-c71ff93 elementor-widget elementor-widget-text-editor\" data-id=\"c71ff93\" data-element_type=\"widget\" data-e-type=\"widget\" data-widget_type=\"text-editor.default\">\n\t\t\t\t<div class=\"elementor-widget-container\">\n\t\t\t\t\t\t\t\t\t<h3>What are food additives? What are food additives used for?<\/h3>\n<div><\/div>\n<p>Food additives are compounds that enable the food industry to regulate certain properties of a foodstuff in such a way that it optimally meets the wishes of the customer in terms of structure, smell, taste, colour, etc. In addition, food additives can also positively influence the shelf life of products and also contribute to stabilisation and smooth production. Other areas of application are for example in the pharmaceutical industry. Here, flavorings are often added in order to make it more convenient for the patient to take medication.<\/p>\n<p>H\u00e4ffner supplies a multiplicity of extremely high-quality food additives to the food and pharmaceutical industry. Among these are many phosphate compounds, ammoium chloride and acids. Here we offer most different quality levels for different fields of application, among them also for the production of &#8220;Kosher&#8221; or &#8220;Bio&#8221; and &#8220;Halal&#8221; products.<\/p>\n<p>In our fully automated high-bay warehouse with oxygen reduction system, all processes are designed according to HACCP guidelines. Thus we can guarantee highest safety in handling the products e.g. by separate storage and retrieval locks.<\/p>\n<p>As usual, we offer our customers the possibility to purchase small and large quantities from us according to their needs. Furthermore, we are &#8220;Selected Distribution Partner&#8221; of BASF SE (Ludwigshafen) for sodium nitrite and sodium nitrate in the range of purchase quantities up to 20t. .<\/p>\n<h5>Do you have questions about food additives or food compounds? <a href=\"\/..\/\/en\/contact\/\">Please contact us!<\/a> We look forward to hearing from you!<\/h5>\n<div><\/div>\n\t\t\t\t\t\t\t\t<\/div>\n\t\t\t\t<\/div>\n\t\t\t\t\t<\/div>\n\t\t<\/div>\n\t\t\t\t\t<\/div>\n\t\t<\/section>\n\t\t\t\t<\/div>\n\t\t","protected":false},"excerpt":{"rendered":"<p>What are food additives? What are food additives used for? Food additives are compounds that enable the food industry to regulate certain properties of a foodstuff in such a way that it optimally meets the wishes of the customer in terms of structure, smell, taste, colour, etc. In addition, food additives can also positively influence [&hellip;]<\/p>\n","protected":false},"author":10,"featured_media":0,"parent":17921,"menu_order":0,"comment_status":"closed","ping_status":"closed","template":"","meta":{"_acf_changed":false,"footnotes":""},"class_list":["post-17934","page","type-page","status-publish","hentry"],"acf":[],"yoast_head":"<!-- This site is optimized with the Yoast SEO Premium plugin v26.4 (Yoast SEO v27.4) - https:\/\/yoast.com\/product\/yoast-seo-premium-wordpress\/ -->\n<title>Food Additives - Hugo H\u00e4ffner<\/title>\n<meta name=\"description\" content=\"Food additives in highest quality buy at H\u00e4ffner! H\u00e4ffner delivers reliably and in best quality! Inquire still today!\" \/>\n<meta name=\"robots\" content=\"index, follow, max-snippet:-1, max-image-preview:large, max-video-preview:-1\" \/>\n<link rel=\"canonical\" href=\"https:\/\/hugohaeffner.com\/en\/productcategories-elementor-contents\/food-additives\/\" \/>\n<meta property=\"og:locale\" content=\"en_US\" \/>\n<meta property=\"og:type\" content=\"article\" \/>\n<meta property=\"og:title\" content=\"Food Additives\" \/>\n<meta property=\"og:description\" content=\"Food additives in highest quality buy at H\u00e4ffner! H\u00e4ffner delivers reliably and in best quality! Inquire still today!\" \/>\n<meta property=\"og:url\" content=\"https:\/\/hugohaeffner.com\/en\/productcategories-elementor-contents\/food-additives\/\" \/>\n<meta property=\"og:site_name\" content=\"Hugo H\u00e4ffner\" \/>\n<meta property=\"article:modified_time\" content=\"2020-05-05T22:12:16+00:00\" \/>\n<meta name=\"twitter:card\" content=\"summary_large_image\" \/>\n<meta name=\"twitter:label1\" content=\"Est. reading time\" \/>\n\t<meta name=\"twitter:data1\" content=\"1 minute\" \/>\n<script type=\"application\/ld+json\" class=\"yoast-schema-graph\">{\"@context\":\"https:\\\/\\\/schema.org\",\"@graph\":[{\"@type\":\"WebPage\",\"@id\":\"https:\\\/\\\/hugohaeffner.com\\\/en\\\/productcategories-elementor-contents\\\/food-additives\\\/\",\"url\":\"https:\\\/\\\/hugohaeffner.com\\\/en\\\/productcategories-elementor-contents\\\/food-additives\\\/\",\"name\":\"Food Additives - Hugo H\u00e4ffner\",\"isPartOf\":{\"@id\":\"https:\\\/\\\/hugohaeffner.com\\\/en\\\/#website\"},\"datePublished\":\"2020-03-24T10:48:28+00:00\",\"dateModified\":\"2020-05-05T22:12:16+00:00\",\"description\":\"Food additives in highest quality buy at H\u00e4ffner! H\u00e4ffner delivers reliably and in best quality! Inquire still today!\",\"breadcrumb\":{\"@id\":\"https:\\\/\\\/hugohaeffner.com\\\/en\\\/productcategories-elementor-contents\\\/food-additives\\\/#breadcrumb\"},\"inLanguage\":\"en-US\",\"potentialAction\":[{\"@type\":\"ReadAction\",\"target\":[\"https:\\\/\\\/hugohaeffner.com\\\/en\\\/productcategories-elementor-contents\\\/food-additives\\\/\"]}]},{\"@type\":\"BreadcrumbList\",\"@id\":\"https:\\\/\\\/hugohaeffner.com\\\/en\\\/productcategories-elementor-contents\\\/food-additives\\\/#breadcrumb\",\"itemListElement\":[{\"@type\":\"ListItem\",\"position\":1,\"name\":\"Startseite\",\"item\":\"https:\\\/\\\/hugohaeffner.com\\\/en\\\/\"},{\"@type\":\"ListItem\",\"position\":2,\"name\":\"Productcategories &#8211; Elementor Contents\",\"item\":\"https:\\\/\\\/hugohaeffner.com\\\/en\\\/productcategories-elementor-contents\\\/\"},{\"@type\":\"ListItem\",\"position\":3,\"name\":\"Food Additives\"}]},{\"@type\":\"WebSite\",\"@id\":\"https:\\\/\\\/hugohaeffner.com\\\/en\\\/#website\",\"url\":\"https:\\\/\\\/hugohaeffner.com\\\/en\\\/\",\"name\":\"Hugo H\u00e4ffner\",\"description\":\"Hier stimmt die Verbindung!\",\"publisher\":{\"@id\":\"https:\\\/\\\/hugohaeffner.com\\\/en\\\/#organization\"},\"potentialAction\":[{\"@type\":\"SearchAction\",\"target\":{\"@type\":\"EntryPoint\",\"urlTemplate\":\"https:\\\/\\\/hugohaeffner.com\\\/en\\\/?s={search_term_string}\"},\"query-input\":{\"@type\":\"PropertyValueSpecification\",\"valueRequired\":true,\"valueName\":\"search_term_string\"}}],\"inLanguage\":\"en-US\"},{\"@type\":\"Organization\",\"@id\":\"https:\\\/\\\/hugohaeffner.com\\\/en\\\/#organization\",\"name\":\"H\u00e4ffner GmbH & Co. KG\",\"url\":\"https:\\\/\\\/hugohaeffner.com\\\/en\\\/\",\"logo\":{\"@type\":\"ImageObject\",\"inLanguage\":\"en-US\",\"@id\":\"https:\\\/\\\/hugohaeffner.com\\\/en\\\/#\\\/schema\\\/logo\\\/image\\\/\",\"url\":\"https:\\\/\\\/hugohaeffner.com\\\/wp-content\\\/uploads\\\/2019\\\/07\\\/header_logo.png\",\"contentUrl\":\"https:\\\/\\\/hugohaeffner.com\\\/wp-content\\\/uploads\\\/2019\\\/07\\\/header_logo.png\",\"width\":538,\"height\":229,\"caption\":\"H\u00e4ffner GmbH & Co. KG\"},\"image\":{\"@id\":\"https:\\\/\\\/hugohaeffner.com\\\/en\\\/#\\\/schema\\\/logo\\\/image\\\/\"}}]}<\/script>\n<!-- \/ Yoast SEO Premium plugin. -->","yoast_head_json":{"title":"Food Additives - Hugo H\u00e4ffner","description":"Food additives in highest quality buy at H\u00e4ffner! H\u00e4ffner delivers reliably and in best quality! Inquire still today!","robots":{"index":"index","follow":"follow","max-snippet":"max-snippet:-1","max-image-preview":"max-image-preview:large","max-video-preview":"max-video-preview:-1"},"canonical":"https:\/\/hugohaeffner.com\/en\/productcategories-elementor-contents\/food-additives\/","og_locale":"en_US","og_type":"article","og_title":"Food Additives","og_description":"Food additives in highest quality buy at H\u00e4ffner! H\u00e4ffner delivers reliably and in best quality! Inquire still today!","og_url":"https:\/\/hugohaeffner.com\/en\/productcategories-elementor-contents\/food-additives\/","og_site_name":"Hugo H\u00e4ffner","article_modified_time":"2020-05-05T22:12:16+00:00","twitter_card":"summary_large_image","twitter_misc":{"Est. reading time":"1 minute"},"schema":{"@context":"https:\/\/schema.org","@graph":[{"@type":"WebPage","@id":"https:\/\/hugohaeffner.com\/en\/productcategories-elementor-contents\/food-additives\/","url":"https:\/\/hugohaeffner.com\/en\/productcategories-elementor-contents\/food-additives\/","name":"Food Additives - Hugo H\u00e4ffner","isPartOf":{"@id":"https:\/\/hugohaeffner.com\/en\/#website"},"datePublished":"2020-03-24T10:48:28+00:00","dateModified":"2020-05-05T22:12:16+00:00","description":"Food additives in highest quality buy at H\u00e4ffner! H\u00e4ffner delivers reliably and in best quality! Inquire still today!","breadcrumb":{"@id":"https:\/\/hugohaeffner.com\/en\/productcategories-elementor-contents\/food-additives\/#breadcrumb"},"inLanguage":"en-US","potentialAction":[{"@type":"ReadAction","target":["https:\/\/hugohaeffner.com\/en\/productcategories-elementor-contents\/food-additives\/"]}]},{"@type":"BreadcrumbList","@id":"https:\/\/hugohaeffner.com\/en\/productcategories-elementor-contents\/food-additives\/#breadcrumb","itemListElement":[{"@type":"ListItem","position":1,"name":"Startseite","item":"https:\/\/hugohaeffner.com\/en\/"},{"@type":"ListItem","position":2,"name":"Productcategories &#8211; Elementor Contents","item":"https:\/\/hugohaeffner.com\/en\/productcategories-elementor-contents\/"},{"@type":"ListItem","position":3,"name":"Food Additives"}]},{"@type":"WebSite","@id":"https:\/\/hugohaeffner.com\/en\/#website","url":"https:\/\/hugohaeffner.com\/en\/","name":"Hugo H\u00e4ffner","description":"Hier stimmt die Verbindung!","publisher":{"@id":"https:\/\/hugohaeffner.com\/en\/#organization"},"potentialAction":[{"@type":"SearchAction","target":{"@type":"EntryPoint","urlTemplate":"https:\/\/hugohaeffner.com\/en\/?s={search_term_string}"},"query-input":{"@type":"PropertyValueSpecification","valueRequired":true,"valueName":"search_term_string"}}],"inLanguage":"en-US"},{"@type":"Organization","@id":"https:\/\/hugohaeffner.com\/en\/#organization","name":"H\u00e4ffner GmbH & Co. KG","url":"https:\/\/hugohaeffner.com\/en\/","logo":{"@type":"ImageObject","inLanguage":"en-US","@id":"https:\/\/hugohaeffner.com\/en\/#\/schema\/logo\/image\/","url":"https:\/\/hugohaeffner.com\/wp-content\/uploads\/2019\/07\/header_logo.png","contentUrl":"https:\/\/hugohaeffner.com\/wp-content\/uploads\/2019\/07\/header_logo.png","width":538,"height":229,"caption":"H\u00e4ffner GmbH & Co. KG"},"image":{"@id":"https:\/\/hugohaeffner.com\/en\/#\/schema\/logo\/image\/"}}]}},"_links":{"self":[{"href":"https:\/\/hugohaeffner.com\/en\/wp-json\/wp\/v2\/pages\/17934","targetHints":{"allow":["GET"]}}],"collection":[{"href":"https:\/\/hugohaeffner.com\/en\/wp-json\/wp\/v2\/pages"}],"about":[{"href":"https:\/\/hugohaeffner.com\/en\/wp-json\/wp\/v2\/types\/page"}],"author":[{"embeddable":true,"href":"https:\/\/hugohaeffner.com\/en\/wp-json\/wp\/v2\/users\/10"}],"replies":[{"embeddable":true,"href":"https:\/\/hugohaeffner.com\/en\/wp-json\/wp\/v2\/comments?post=17934"}],"version-history":[{"count":0,"href":"https:\/\/hugohaeffner.com\/en\/wp-json\/wp\/v2\/pages\/17934\/revisions"}],"up":[{"embeddable":true,"href":"https:\/\/hugohaeffner.com\/en\/wp-json\/wp\/v2\/pages\/17921"}],"wp:attachment":[{"href":"https:\/\/hugohaeffner.com\/en\/wp-json\/wp\/v2\/media?parent=17934"}],"curies":[{"name":"wp","href":"https:\/\/api.w.org\/{rel}","templated":true}]}}