{"id":17932,"date":"2020-03-24T11:47:16","date_gmt":"2020-03-24T10:47:16","guid":{"rendered":"https:\/\/hh-hugohaeffner.tma-server.de\/productcategories-elementor-contents\/cooling-lubricant-additives\/"},"modified":"2020-05-06T00:12:19","modified_gmt":"2020-05-05T22:12:19","slug":"cooling-lubricant-additives","status":"publish","type":"page","link":"https:\/\/hugohaeffner.com\/en\/productcategories-elementor-contents\/cooling-lubricant-additives\/","title":{"rendered":"Cooling &#038; lubricant additives"},"content":{"rendered":"\t\t<div data-elementor-type=\"wp-page\" data-elementor-id=\"17932\" class=\"elementor elementor-17932 elementor-17644\" data-elementor-post-type=\"page\">\n\t\t\t\t\t\t<section class=\"elementor-section elementor-top-section elementor-element elementor-element-ebcc449 elementor-section-boxed elementor-section-height-default elementor-section-height-default\" data-id=\"ebcc449\" data-element_type=\"section\" data-e-type=\"section\" data-settings=\"{&quot;jet_parallax_layout_list&quot;:[{&quot;jet_parallax_layout_image&quot;:{&quot;url&quot;:&quot;&quot;,&quot;id&quot;:&quot;&quot;,&quot;size&quot;:&quot;&quot;},&quot;_id&quot;:&quot;20635de&quot;,&quot;jet_parallax_layout_image_tablet&quot;:{&quot;url&quot;:&quot;&quot;,&quot;id&quot;:&quot;&quot;,&quot;size&quot;:&quot;&quot;},&quot;jet_parallax_layout_image_mobile&quot;:{&quot;url&quot;:&quot;&quot;,&quot;id&quot;:&quot;&quot;,&quot;size&quot;:&quot;&quot;},&quot;jet_parallax_layout_speed&quot;:{&quot;unit&quot;:&quot;%&quot;,&quot;size&quot;:50,&quot;sizes&quot;:[]},&quot;jet_parallax_layout_type&quot;:&quot;scroll&quot;,&quot;jet_parallax_layout_direction&quot;:&quot;1&quot;,&quot;jet_parallax_layout_fx_direction&quot;:null,&quot;jet_parallax_layout_z_index&quot;:&quot;&quot;,&quot;jet_parallax_layout_bg_x&quot;:50,&quot;jet_parallax_layout_bg_y&quot;:50,&quot;jet_parallax_layout_bg_size&quot;:&quot;auto&quot;,&quot;jet_parallax_layout_animation_prop&quot;:&quot;transform&quot;,&quot;jet_parallax_layout_on&quot;:[&quot;desktop&quot;,&quot;tablet&quot;],&quot;jet_parallax_layout_bg_x_tablet&quot;:&quot;&quot;,&quot;jet_parallax_layout_bg_x_mobile&quot;:&quot;&quot;,&quot;jet_parallax_layout_bg_y_tablet&quot;:&quot;&quot;,&quot;jet_parallax_layout_bg_y_mobile&quot;:&quot;&quot;,&quot;jet_parallax_layout_bg_size_tablet&quot;:&quot;&quot;,&quot;jet_parallax_layout_bg_size_mobile&quot;:&quot;&quot;}]}\">\n\t\t\t\t\t\t<div class=\"elementor-container elementor-column-gap-default\">\n\t\t\t\t\t<div class=\"elementor-column elementor-col-100 elementor-top-column elementor-element elementor-element-6f3555b\" data-id=\"6f3555b\" data-element_type=\"column\" data-e-type=\"column\">\n\t\t\t<div class=\"elementor-widget-wrap elementor-element-populated\">\n\t\t\t\t\t\t<div class=\"elementor-element elementor-element-8047bf6 elementor-widget elementor-widget-text-editor\" data-id=\"8047bf6\" data-element_type=\"widget\" data-e-type=\"widget\" data-widget_type=\"text-editor.default\">\n\t\t\t\t<div class=\"elementor-widget-container\">\n\t\t\t\t\t\t\t\t\t<h3>What are coolants and lubricants and what\u00a0 are they needed for?<\/h3>\n<p>Coolants and lubricants are required in production engineering, for example, for cutting and forming on machine tools. They serve to dissipate heat or to avoid friction between tool and material (lubrication). Coolants and lubricants are also required to remove chips by flushing in machining processes.<\/p>\n<p>This results in the basic applications: Cooling, lubrication and transport of chips. As a side effect, the corrosion protection of the machined workpiece is also counted among the positive properties of coolants and lubricants.<\/p>\n<p>H\u00e4ffner supplies the manufacturers of coolants and lubricants with various alcohol compounds, acid compounds as well as oil containing products and <a href=\"\/..\/\/en\/productcategories-elementor-contents\/complex-formers\/\">complex formers<\/a>. Additionally we provide sufficient stability with high quality amines and antioxidants as well as with saturated dicarboxylic acids.<\/p>\n<p>As usual at H\u00e4ffner, customers can profit from our permanent stock in this area and the possibility of individual packaging.<\/p>\n<p>&nbsp;<\/p>\n<p>Do you have questions about coolants and lubricants? <a href=\"\/..\/\/en\/contact\/\">Talk to us<\/a>! We look forward to getting to know you!<\/p>\n<p>&nbsp;<\/p>\n\t\t\t\t\t\t\t\t<\/div>\n\t\t\t\t<\/div>\n\t\t\t\t\t<\/div>\n\t\t<\/div>\n\t\t\t\t\t<\/div>\n\t\t<\/section>\n\t\t\t\t<\/div>\n\t\t","protected":false},"excerpt":{"rendered":"<p>What are coolants and lubricants and what\u00a0 are they needed for? Coolants and lubricants are required in production engineering, for example, for cutting and forming on machine tools. They serve to dissipate heat or to avoid friction between tool and material (lubrication). Coolants and lubricants are also required to remove chips by flushing in machining [&hellip;]<\/p>\n","protected":false},"author":10,"featured_media":0,"parent":17921,"menu_order":0,"comment_status":"closed","ping_status":"closed","template":"","meta":{"_acf_changed":false,"footnotes":""},"class_list":["post-17932","page","type-page","status-publish","hentry"],"acf":[],"yoast_head":"<!-- This site is optimized with the Yoast SEO Premium plugin v26.4 (Yoast SEO v27.5) - https:\/\/yoast.com\/product\/yoast-seo-premium-wordpress\/ -->\n<title>Cooling &amp; lubricant additives - Hugo H\u00e4ffner<\/title>\n<meta name=\"description\" content=\"Chemical products for cooling and lubricant additives buy at H\u00e4ffner! H\u00e4ffner supplies reliably and meeting demand from South Germany into the whole world! Inquire still today!\" \/>\n<meta name=\"robots\" content=\"index, follow, max-snippet:-1, max-image-preview:large, max-video-preview:-1\" \/>\n<link rel=\"canonical\" href=\"https:\/\/hugohaeffner.com\/en\/productcategories-elementor-contents\/cooling-lubricant-additives\/\" \/>\n<meta property=\"og:locale\" content=\"en_US\" \/>\n<meta property=\"og:type\" content=\"article\" \/>\n<meta property=\"og:title\" content=\"Cooling &amp; lubricant additives\" \/>\n<meta property=\"og:description\" content=\"Chemical products for cooling and lubricant additives buy at H\u00e4ffner! H\u00e4ffner supplies reliably and meeting demand from South Germany into the whole world! Inquire still today!\" \/>\n<meta property=\"og:url\" content=\"https:\/\/hugohaeffner.com\/en\/productcategories-elementor-contents\/cooling-lubricant-additives\/\" \/>\n<meta property=\"og:site_name\" content=\"Hugo H\u00e4ffner\" \/>\n<meta property=\"article:modified_time\" content=\"2020-05-05T22:12:19+00:00\" \/>\n<meta name=\"twitter:card\" content=\"summary_large_image\" \/>\n<meta name=\"twitter:label1\" content=\"Est. reading time\" \/>\n\t<meta name=\"twitter:data1\" content=\"1 minute\" \/>\n<script type=\"application\/ld+json\" class=\"yoast-schema-graph\">{\"@context\":\"https:\\\/\\\/schema.org\",\"@graph\":[{\"@type\":\"WebPage\",\"@id\":\"https:\\\/\\\/hugohaeffner.com\\\/en\\\/productcategories-elementor-contents\\\/cooling-lubricant-additives\\\/\",\"url\":\"https:\\\/\\\/hugohaeffner.com\\\/en\\\/productcategories-elementor-contents\\\/cooling-lubricant-additives\\\/\",\"name\":\"Cooling & lubricant additives - Hugo H\u00e4ffner\",\"isPartOf\":{\"@id\":\"https:\\\/\\\/hugohaeffner.com\\\/en\\\/#website\"},\"datePublished\":\"2020-03-24T10:47:16+00:00\",\"dateModified\":\"2020-05-05T22:12:19+00:00\",\"description\":\"Chemical products for cooling and lubricant additives buy at H\u00e4ffner! H\u00e4ffner supplies reliably and meeting demand from South Germany into the whole world! Inquire still today!\",\"breadcrumb\":{\"@id\":\"https:\\\/\\\/hugohaeffner.com\\\/en\\\/productcategories-elementor-contents\\\/cooling-lubricant-additives\\\/#breadcrumb\"},\"inLanguage\":\"en-US\",\"potentialAction\":[{\"@type\":\"ReadAction\",\"target\":[\"https:\\\/\\\/hugohaeffner.com\\\/en\\\/productcategories-elementor-contents\\\/cooling-lubricant-additives\\\/\"]}]},{\"@type\":\"BreadcrumbList\",\"@id\":\"https:\\\/\\\/hugohaeffner.com\\\/en\\\/productcategories-elementor-contents\\\/cooling-lubricant-additives\\\/#breadcrumb\",\"itemListElement\":[{\"@type\":\"ListItem\",\"position\":1,\"name\":\"Startseite\",\"item\":\"https:\\\/\\\/hugohaeffner.com\\\/en\\\/\"},{\"@type\":\"ListItem\",\"position\":2,\"name\":\"Productcategories &#8211; Elementor Contents\",\"item\":\"https:\\\/\\\/hugohaeffner.com\\\/en\\\/productcategories-elementor-contents\\\/\"},{\"@type\":\"ListItem\",\"position\":3,\"name\":\"Cooling &#038; lubricant additives\"}]},{\"@type\":\"WebSite\",\"@id\":\"https:\\\/\\\/hugohaeffner.com\\\/en\\\/#website\",\"url\":\"https:\\\/\\\/hugohaeffner.com\\\/en\\\/\",\"name\":\"Hugo H\u00e4ffner\",\"description\":\"Hier stimmt die Verbindung!\",\"publisher\":{\"@id\":\"https:\\\/\\\/hugohaeffner.com\\\/en\\\/#organization\"},\"potentialAction\":[{\"@type\":\"SearchAction\",\"target\":{\"@type\":\"EntryPoint\",\"urlTemplate\":\"https:\\\/\\\/hugohaeffner.com\\\/en\\\/?s={search_term_string}\"},\"query-input\":{\"@type\":\"PropertyValueSpecification\",\"valueRequired\":true,\"valueName\":\"search_term_string\"}}],\"inLanguage\":\"en-US\"},{\"@type\":\"Organization\",\"@id\":\"https:\\\/\\\/hugohaeffner.com\\\/en\\\/#organization\",\"name\":\"H\u00e4ffner GmbH & Co. KG\",\"url\":\"https:\\\/\\\/hugohaeffner.com\\\/en\\\/\",\"logo\":{\"@type\":\"ImageObject\",\"inLanguage\":\"en-US\",\"@id\":\"https:\\\/\\\/hugohaeffner.com\\\/en\\\/#\\\/schema\\\/logo\\\/image\\\/\",\"url\":\"https:\\\/\\\/hugohaeffner.com\\\/wp-content\\\/uploads\\\/2019\\\/07\\\/header_logo.png\",\"contentUrl\":\"https:\\\/\\\/hugohaeffner.com\\\/wp-content\\\/uploads\\\/2019\\\/07\\\/header_logo.png\",\"width\":538,\"height\":229,\"caption\":\"H\u00e4ffner GmbH & Co. KG\"},\"image\":{\"@id\":\"https:\\\/\\\/hugohaeffner.com\\\/en\\\/#\\\/schema\\\/logo\\\/image\\\/\"}}]}<\/script>\n<!-- \/ Yoast SEO Premium plugin. -->","yoast_head_json":{"title":"Cooling & lubricant additives - Hugo H\u00e4ffner","description":"Chemical products for cooling and lubricant additives buy at H\u00e4ffner! H\u00e4ffner supplies reliably and meeting demand from South Germany into the whole world! Inquire still today!","robots":{"index":"index","follow":"follow","max-snippet":"max-snippet:-1","max-image-preview":"max-image-preview:large","max-video-preview":"max-video-preview:-1"},"canonical":"https:\/\/hugohaeffner.com\/en\/productcategories-elementor-contents\/cooling-lubricant-additives\/","og_locale":"en_US","og_type":"article","og_title":"Cooling & lubricant additives","og_description":"Chemical products for cooling and lubricant additives buy at H\u00e4ffner! H\u00e4ffner supplies reliably and meeting demand from South Germany into the whole world! Inquire still today!","og_url":"https:\/\/hugohaeffner.com\/en\/productcategories-elementor-contents\/cooling-lubricant-additives\/","og_site_name":"Hugo H\u00e4ffner","article_modified_time":"2020-05-05T22:12:19+00:00","twitter_card":"summary_large_image","twitter_misc":{"Est. reading time":"1 minute"},"schema":{"@context":"https:\/\/schema.org","@graph":[{"@type":"WebPage","@id":"https:\/\/hugohaeffner.com\/en\/productcategories-elementor-contents\/cooling-lubricant-additives\/","url":"https:\/\/hugohaeffner.com\/en\/productcategories-elementor-contents\/cooling-lubricant-additives\/","name":"Cooling & lubricant additives - Hugo H\u00e4ffner","isPartOf":{"@id":"https:\/\/hugohaeffner.com\/en\/#website"},"datePublished":"2020-03-24T10:47:16+00:00","dateModified":"2020-05-05T22:12:19+00:00","description":"Chemical products for cooling and lubricant additives buy at H\u00e4ffner! H\u00e4ffner supplies reliably and meeting demand from South Germany into the whole world! Inquire still today!","breadcrumb":{"@id":"https:\/\/hugohaeffner.com\/en\/productcategories-elementor-contents\/cooling-lubricant-additives\/#breadcrumb"},"inLanguage":"en-US","potentialAction":[{"@type":"ReadAction","target":["https:\/\/hugohaeffner.com\/en\/productcategories-elementor-contents\/cooling-lubricant-additives\/"]}]},{"@type":"BreadcrumbList","@id":"https:\/\/hugohaeffner.com\/en\/productcategories-elementor-contents\/cooling-lubricant-additives\/#breadcrumb","itemListElement":[{"@type":"ListItem","position":1,"name":"Startseite","item":"https:\/\/hugohaeffner.com\/en\/"},{"@type":"ListItem","position":2,"name":"Productcategories &#8211; Elementor Contents","item":"https:\/\/hugohaeffner.com\/en\/productcategories-elementor-contents\/"},{"@type":"ListItem","position":3,"name":"Cooling &#038; lubricant additives"}]},{"@type":"WebSite","@id":"https:\/\/hugohaeffner.com\/en\/#website","url":"https:\/\/hugohaeffner.com\/en\/","name":"Hugo H\u00e4ffner","description":"Hier stimmt die Verbindung!","publisher":{"@id":"https:\/\/hugohaeffner.com\/en\/#organization"},"potentialAction":[{"@type":"SearchAction","target":{"@type":"EntryPoint","urlTemplate":"https:\/\/hugohaeffner.com\/en\/?s={search_term_string}"},"query-input":{"@type":"PropertyValueSpecification","valueRequired":true,"valueName":"search_term_string"}}],"inLanguage":"en-US"},{"@type":"Organization","@id":"https:\/\/hugohaeffner.com\/en\/#organization","name":"H\u00e4ffner GmbH & Co. KG","url":"https:\/\/hugohaeffner.com\/en\/","logo":{"@type":"ImageObject","inLanguage":"en-US","@id":"https:\/\/hugohaeffner.com\/en\/#\/schema\/logo\/image\/","url":"https:\/\/hugohaeffner.com\/wp-content\/uploads\/2019\/07\/header_logo.png","contentUrl":"https:\/\/hugohaeffner.com\/wp-content\/uploads\/2019\/07\/header_logo.png","width":538,"height":229,"caption":"H\u00e4ffner GmbH & Co. KG"},"image":{"@id":"https:\/\/hugohaeffner.com\/en\/#\/schema\/logo\/image\/"}}]}},"_links":{"self":[{"href":"https:\/\/hugohaeffner.com\/en\/wp-json\/wp\/v2\/pages\/17932","targetHints":{"allow":["GET"]}}],"collection":[{"href":"https:\/\/hugohaeffner.com\/en\/wp-json\/wp\/v2\/pages"}],"about":[{"href":"https:\/\/hugohaeffner.com\/en\/wp-json\/wp\/v2\/types\/page"}],"author":[{"embeddable":true,"href":"https:\/\/hugohaeffner.com\/en\/wp-json\/wp\/v2\/users\/10"}],"replies":[{"embeddable":true,"href":"https:\/\/hugohaeffner.com\/en\/wp-json\/wp\/v2\/comments?post=17932"}],"version-history":[{"count":0,"href":"https:\/\/hugohaeffner.com\/en\/wp-json\/wp\/v2\/pages\/17932\/revisions"}],"up":[{"embeddable":true,"href":"https:\/\/hugohaeffner.com\/en\/wp-json\/wp\/v2\/pages\/17921"}],"wp:attachment":[{"href":"https:\/\/hugohaeffner.com\/en\/wp-json\/wp\/v2\/media?parent=17932"}],"curies":[{"name":"wp","href":"https:\/\/api.w.org\/{rel}","templated":true}]}}