{"id":17345,"date":"2020-03-09T12:44:43","date_gmt":"2020-03-09T11:44:43","guid":{"rendered":"https:\/\/hh-hugohaeffner.tma-server.de\/?page_id=17345"},"modified":"2021-10-11T15:30:17","modified_gmt":"2021-10-11T13:30:17","slug":"jod-ein-kostbarer-rohstoff-made-in-germany","status":"publish","type":"page","link":"https:\/\/hugohaeffner.com\/en\/jod-ein-kostbarer-rohstoff-made-in-germany\/","title":{"rendered":"Jod &#8211; ein kostbarer Rohstoff! Made in Germany!"},"content":{"rendered":"<h1>Was sind Jod-Produkte? Erfahren Sie mehr zur Herstellung von Jod!<\/h1>\n<p>Jod ist ein wesentliches Element f\u00fcr die optimale Entwicklung von Mensch und Tier. Dar\u00fcber hinaus sind Jod und seine Derivate in einer Vielzahl von pharmazeutischen und industriellen Anwendungen unverzichtbar. Das Element z\u00e4hlt zu den Spurenelementen und ist wesentlicher Bestandteil f\u00fcr K\u00f6rperfunktionen wie Temperaturregulierung und einen gesunden Stoffwechsel. Dar\u00fcber hinaus ist Jod unverzichtbar bei Zellwachstum und &#8211; teilung sowie der Entwicklung des Nervensystems. Zudem ist das Element ein aktiver Katalysator f\u00fcr viele Reaktionen und spielt beispielsweise in der Synthese von Zwischenprodukten f\u00fcr die Herstellung von Polymeren eine wichtige Rolle.<\/p>\n<p>Auch bei H\u00e4ffner setzt man auf Jod, vor allem im Bereich Recycling. Am <a href=\"https:\/\/hugohaeffner.com\/kontaktformular\/\">Distributionsstandort Marbach<\/a> ist seit 2017 eine selbst entwickelte Jod-Recycling-Anlage in Betrieb. Aktuell werden dort ein Volumen von 500 Tonnen jodhaltiger R\u00fcckst\u00e4nde und Abf\u00e4lle verarbeitet.<\/p>\n<p>Zum besseren Verst\u00e4ndnis des komplexen Themas Jod und dessen Herstellung, steht unser kostenloser Pocket-Guide als Whitepaper f\u00fcr Sie zum Download bereit! Erfahren Sie mehr \u00fcber dieses kostbare Element! Bei H\u00e4ffner erhalten Sie alle Jod-Produkte in h\u00f6chster Qualit\u00e4t &#8211; Made in Germany!<\/p>\n<p>Entdecken Sie unser <a href=\"https:\/\/hugohaeffner.com\/productcategory\/iod\/\">Lieferprogramm<\/a> und fragen Sie Jod- oder andere Produkte direkt bei uns an. <a href=\"https:\/\/hugohaeffner.com\/unternehmen\/ansprechpartner\/\">Wir<\/a> helfen Ihnen gerne weiter.<\/p>\n<h5><\/h5>\n<h2>Der Jod-Pocket-Guide! Alles zum Thema Jod &amp; Jod-Recycling auf einen Blick!<\/h2>\n<p>Sichern Sie sich jetzt ihr kostenfreies Exemplar unseres einzigartigen Whitepapers!<a href=\"https:\/\/hugohaeffner.com\/wp-content\/uploads\/2020\/03\/Haeffner_PocketGuide_DE.pdf\" target=\"_blank\" rel=\"noopener\"><br \/>\nDownload<\/a><\/p>\n<p><img fetchpriority=\"high\" decoding=\"async\" class=\"alignright size-full wp-image-16913\" src=\"https:\/\/hugohaeffner.com\/wp-content\/uploads\/2020\/03\/LP-Iod_kl.png\" alt=\"Iod\" width=\"400\" height=\"270\" srcset=\"https:\/\/hugohaeffner.com\/wp-content\/uploads\/2020\/03\/LP-Iod_kl.png 400w, https:\/\/hugohaeffner.com\/wp-content\/uploads\/2020\/03\/LP-Iod_kl-300x203.png 300w\" sizes=\"(max-width: 400px) 100vw, 400px\" \/><\/p>\n<p>Haben Sie weitere Fragen? <a href=\"https:\/\/hugohaeffner.com\/kontaktformular\/\">Sprechen Sie uns an!<\/a> Wir freuen uns Sie kennen zu lernen!<\/p>\n","protected":false},"excerpt":{"rendered":"<p>Was sind Jod-Produkte? Erfahren Sie mehr zur Herstellung von Jod! Jod ist ein wesentliches Element f\u00fcr die optimale Entwicklung von Mensch und Tier. Dar\u00fcber hinaus sind Jod und seine Derivate in einer Vielzahl von pharmazeutischen und industriellen Anwendungen unverzichtbar. Das Element z\u00e4hlt zu den Spurenelementen und ist wesentlicher Bestandteil f\u00fcr K\u00f6rperfunktionen wie Temperaturregulierung und einen [&hellip;]<\/p>\n","protected":false},"author":6,"featured_media":0,"parent":0,"menu_order":0,"comment_status":"closed","ping_status":"closed","template":"","meta":{"_acf_changed":false,"footnotes":""},"class_list":["post-17345","page","type-page","status-publish","hentry"],"acf":[],"yoast_head":"<!-- This site is optimized with the Yoast SEO Premium plugin v26.4 (Yoast SEO v27.4) - https:\/\/yoast.com\/product\/yoast-seo-premium-wordpress\/ -->\n<title>Jod - ein kostbarer Rohstoff! Made in Germany!<\/title>\n<meta name=\"description\" content=\"Jod-Produkte in bester Qualit\u00e4t: Made in Germany! Jetzt alles auf einen Blick im Pocket-Guide! Wir beraten Sie gerne\" \/>\n<meta name=\"robots\" content=\"index, follow, max-snippet:-1, max-image-preview:large, max-video-preview:-1\" \/>\n<link rel=\"canonical\" href=\"https:\/\/hugohaeffner.com\/en\/jod-ein-kostbarer-rohstoff-made-in-germany\/\" \/>\n<meta property=\"og:locale\" content=\"en_US\" \/>\n<meta property=\"og:type\" content=\"article\" \/>\n<meta property=\"og:title\" content=\"Jod - ein kostbarer Rohstoff! Made in Germany!\" \/>\n<meta property=\"og:description\" content=\"Jod-Produkte in bester Qualit\u00e4t: Made in Germany! Jetzt alles auf einen Blick im Pocket-Guide! Wir beraten Sie gerne\" \/>\n<meta property=\"og:url\" content=\"https:\/\/hugohaeffner.com\/en\/jod-ein-kostbarer-rohstoff-made-in-germany\/\" \/>\n<meta property=\"og:site_name\" content=\"Hugo H\u00e4ffner\" \/>\n<meta property=\"article:modified_time\" content=\"2021-10-11T13:30:17+00:00\" \/>\n<meta property=\"og:image\" content=\"https:\/\/hugohaeffner.com\/wp-content\/uploads\/2020\/03\/LP-Iod_kl.png\" \/>\n<meta name=\"twitter:card\" content=\"summary_large_image\" \/>\n<meta name=\"twitter:label1\" content=\"Est. reading time\" \/>\n\t<meta name=\"twitter:data1\" content=\"2 minutes\" \/>\n<script type=\"application\/ld+json\" class=\"yoast-schema-graph\">{\"@context\":\"https:\\\/\\\/schema.org\",\"@graph\":[{\"@type\":\"WebPage\",\"@id\":\"https:\\\/\\\/hugohaeffner.com\\\/en\\\/jod-ein-kostbarer-rohstoff-made-in-germany\\\/\",\"url\":\"https:\\\/\\\/hugohaeffner.com\\\/en\\\/jod-ein-kostbarer-rohstoff-made-in-germany\\\/\",\"name\":\"Jod - ein kostbarer Rohstoff! Made in Germany!\",\"isPartOf\":{\"@id\":\"https:\\\/\\\/hugohaeffner.com\\\/en\\\/#website\"},\"primaryImageOfPage\":{\"@id\":\"https:\\\/\\\/hugohaeffner.com\\\/en\\\/jod-ein-kostbarer-rohstoff-made-in-germany\\\/#primaryimage\"},\"image\":{\"@id\":\"https:\\\/\\\/hugohaeffner.com\\\/en\\\/jod-ein-kostbarer-rohstoff-made-in-germany\\\/#primaryimage\"},\"thumbnailUrl\":\"https:\\\/\\\/hugohaeffner.com\\\/wp-content\\\/uploads\\\/2020\\\/03\\\/LP-Iod_kl.png\",\"datePublished\":\"2020-03-09T11:44:43+00:00\",\"dateModified\":\"2021-10-11T13:30:17+00:00\",\"description\":\"Jod-Produkte in bester Qualit\u00e4t: Made in Germany! Jetzt alles auf einen Blick im Pocket-Guide! Wir beraten Sie gerne\",\"breadcrumb\":{\"@id\":\"https:\\\/\\\/hugohaeffner.com\\\/en\\\/jod-ein-kostbarer-rohstoff-made-in-germany\\\/#breadcrumb\"},\"inLanguage\":\"en-US\",\"potentialAction\":[{\"@type\":\"ReadAction\",\"target\":[\"https:\\\/\\\/hugohaeffner.com\\\/en\\\/jod-ein-kostbarer-rohstoff-made-in-germany\\\/\"]}]},{\"@type\":\"ImageObject\",\"inLanguage\":\"en-US\",\"@id\":\"https:\\\/\\\/hugohaeffner.com\\\/en\\\/jod-ein-kostbarer-rohstoff-made-in-germany\\\/#primaryimage\",\"url\":\"https:\\\/\\\/hugohaeffner.com\\\/wp-content\\\/uploads\\\/2020\\\/03\\\/LP-Iod_kl.png\",\"contentUrl\":\"https:\\\/\\\/hugohaeffner.com\\\/wp-content\\\/uploads\\\/2020\\\/03\\\/LP-Iod_kl.png\"},{\"@type\":\"BreadcrumbList\",\"@id\":\"https:\\\/\\\/hugohaeffner.com\\\/en\\\/jod-ein-kostbarer-rohstoff-made-in-germany\\\/#breadcrumb\",\"itemListElement\":[{\"@type\":\"ListItem\",\"position\":1,\"name\":\"Startseite\",\"item\":\"https:\\\/\\\/hugohaeffner.com\\\/en\\\/\"},{\"@type\":\"ListItem\",\"position\":2,\"name\":\"Jod &#8211; ein kostbarer Rohstoff! Made in Germany!\"}]},{\"@type\":\"WebSite\",\"@id\":\"https:\\\/\\\/hugohaeffner.com\\\/en\\\/#website\",\"url\":\"https:\\\/\\\/hugohaeffner.com\\\/en\\\/\",\"name\":\"Hugo H\u00e4ffner\",\"description\":\"Hier stimmt die Verbindung!\",\"publisher\":{\"@id\":\"https:\\\/\\\/hugohaeffner.com\\\/en\\\/#organization\"},\"potentialAction\":[{\"@type\":\"SearchAction\",\"target\":{\"@type\":\"EntryPoint\",\"urlTemplate\":\"https:\\\/\\\/hugohaeffner.com\\\/en\\\/?s={search_term_string}\"},\"query-input\":{\"@type\":\"PropertyValueSpecification\",\"valueRequired\":true,\"valueName\":\"search_term_string\"}}],\"inLanguage\":\"en-US\"},{\"@type\":\"Organization\",\"@id\":\"https:\\\/\\\/hugohaeffner.com\\\/en\\\/#organization\",\"name\":\"H\u00e4ffner GmbH & Co. KG\",\"url\":\"https:\\\/\\\/hugohaeffner.com\\\/en\\\/\",\"logo\":{\"@type\":\"ImageObject\",\"inLanguage\":\"en-US\",\"@id\":\"https:\\\/\\\/hugohaeffner.com\\\/en\\\/#\\\/schema\\\/logo\\\/image\\\/\",\"url\":\"https:\\\/\\\/hugohaeffner.com\\\/wp-content\\\/uploads\\\/2019\\\/07\\\/header_logo.png\",\"contentUrl\":\"https:\\\/\\\/hugohaeffner.com\\\/wp-content\\\/uploads\\\/2019\\\/07\\\/header_logo.png\",\"width\":538,\"height\":229,\"caption\":\"H\u00e4ffner GmbH & Co. KG\"},\"image\":{\"@id\":\"https:\\\/\\\/hugohaeffner.com\\\/en\\\/#\\\/schema\\\/logo\\\/image\\\/\"}}]}<\/script>\n<!-- \/ Yoast SEO Premium plugin. -->","yoast_head_json":{"title":"Jod - ein kostbarer Rohstoff! Made in Germany!","description":"Jod-Produkte in bester Qualit\u00e4t: Made in Germany! Jetzt alles auf einen Blick im Pocket-Guide! Wir beraten Sie gerne","robots":{"index":"index","follow":"follow","max-snippet":"max-snippet:-1","max-image-preview":"max-image-preview:large","max-video-preview":"max-video-preview:-1"},"canonical":"https:\/\/hugohaeffner.com\/en\/jod-ein-kostbarer-rohstoff-made-in-germany\/","og_locale":"en_US","og_type":"article","og_title":"Jod - ein kostbarer Rohstoff! Made in Germany!","og_description":"Jod-Produkte in bester Qualit\u00e4t: Made in Germany! Jetzt alles auf einen Blick im Pocket-Guide! Wir beraten Sie gerne","og_url":"https:\/\/hugohaeffner.com\/en\/jod-ein-kostbarer-rohstoff-made-in-germany\/","og_site_name":"Hugo H\u00e4ffner","article_modified_time":"2021-10-11T13:30:17+00:00","og_image":[{"url":"https:\/\/hugohaeffner.com\/wp-content\/uploads\/2020\/03\/LP-Iod_kl.png","type":"","width":"","height":""}],"twitter_card":"summary_large_image","twitter_misc":{"Est. reading time":"2 minutes"},"schema":{"@context":"https:\/\/schema.org","@graph":[{"@type":"WebPage","@id":"https:\/\/hugohaeffner.com\/en\/jod-ein-kostbarer-rohstoff-made-in-germany\/","url":"https:\/\/hugohaeffner.com\/en\/jod-ein-kostbarer-rohstoff-made-in-germany\/","name":"Jod - ein kostbarer Rohstoff! Made in Germany!","isPartOf":{"@id":"https:\/\/hugohaeffner.com\/en\/#website"},"primaryImageOfPage":{"@id":"https:\/\/hugohaeffner.com\/en\/jod-ein-kostbarer-rohstoff-made-in-germany\/#primaryimage"},"image":{"@id":"https:\/\/hugohaeffner.com\/en\/jod-ein-kostbarer-rohstoff-made-in-germany\/#primaryimage"},"thumbnailUrl":"https:\/\/hugohaeffner.com\/wp-content\/uploads\/2020\/03\/LP-Iod_kl.png","datePublished":"2020-03-09T11:44:43+00:00","dateModified":"2021-10-11T13:30:17+00:00","description":"Jod-Produkte in bester Qualit\u00e4t: Made in Germany! Jetzt alles auf einen Blick im Pocket-Guide! Wir beraten Sie gerne","breadcrumb":{"@id":"https:\/\/hugohaeffner.com\/en\/jod-ein-kostbarer-rohstoff-made-in-germany\/#breadcrumb"},"inLanguage":"en-US","potentialAction":[{"@type":"ReadAction","target":["https:\/\/hugohaeffner.com\/en\/jod-ein-kostbarer-rohstoff-made-in-germany\/"]}]},{"@type":"ImageObject","inLanguage":"en-US","@id":"https:\/\/hugohaeffner.com\/en\/jod-ein-kostbarer-rohstoff-made-in-germany\/#primaryimage","url":"https:\/\/hugohaeffner.com\/wp-content\/uploads\/2020\/03\/LP-Iod_kl.png","contentUrl":"https:\/\/hugohaeffner.com\/wp-content\/uploads\/2020\/03\/LP-Iod_kl.png"},{"@type":"BreadcrumbList","@id":"https:\/\/hugohaeffner.com\/en\/jod-ein-kostbarer-rohstoff-made-in-germany\/#breadcrumb","itemListElement":[{"@type":"ListItem","position":1,"name":"Startseite","item":"https:\/\/hugohaeffner.com\/en\/"},{"@type":"ListItem","position":2,"name":"Jod &#8211; ein kostbarer Rohstoff! Made in Germany!"}]},{"@type":"WebSite","@id":"https:\/\/hugohaeffner.com\/en\/#website","url":"https:\/\/hugohaeffner.com\/en\/","name":"Hugo H\u00e4ffner","description":"Hier stimmt die Verbindung!","publisher":{"@id":"https:\/\/hugohaeffner.com\/en\/#organization"},"potentialAction":[{"@type":"SearchAction","target":{"@type":"EntryPoint","urlTemplate":"https:\/\/hugohaeffner.com\/en\/?s={search_term_string}"},"query-input":{"@type":"PropertyValueSpecification","valueRequired":true,"valueName":"search_term_string"}}],"inLanguage":"en-US"},{"@type":"Organization","@id":"https:\/\/hugohaeffner.com\/en\/#organization","name":"H\u00e4ffner GmbH & Co. KG","url":"https:\/\/hugohaeffner.com\/en\/","logo":{"@type":"ImageObject","inLanguage":"en-US","@id":"https:\/\/hugohaeffner.com\/en\/#\/schema\/logo\/image\/","url":"https:\/\/hugohaeffner.com\/wp-content\/uploads\/2019\/07\/header_logo.png","contentUrl":"https:\/\/hugohaeffner.com\/wp-content\/uploads\/2019\/07\/header_logo.png","width":538,"height":229,"caption":"H\u00e4ffner GmbH & Co. KG"},"image":{"@id":"https:\/\/hugohaeffner.com\/en\/#\/schema\/logo\/image\/"}}]}},"_links":{"self":[{"href":"https:\/\/hugohaeffner.com\/en\/wp-json\/wp\/v2\/pages\/17345","targetHints":{"allow":["GET"]}}],"collection":[{"href":"https:\/\/hugohaeffner.com\/en\/wp-json\/wp\/v2\/pages"}],"about":[{"href":"https:\/\/hugohaeffner.com\/en\/wp-json\/wp\/v2\/types\/page"}],"author":[{"embeddable":true,"href":"https:\/\/hugohaeffner.com\/en\/wp-json\/wp\/v2\/users\/6"}],"replies":[{"embeddable":true,"href":"https:\/\/hugohaeffner.com\/en\/wp-json\/wp\/v2\/comments?post=17345"}],"version-history":[{"count":0,"href":"https:\/\/hugohaeffner.com\/en\/wp-json\/wp\/v2\/pages\/17345\/revisions"}],"wp:attachment":[{"href":"https:\/\/hugohaeffner.com\/en\/wp-json\/wp\/v2\/media?parent=17345"}],"curies":[{"name":"wp","href":"https:\/\/api.w.org\/{rel}","templated":true}]}}